{"id":1556,"date":"2012-12-11T09:05:33","date_gmt":"2012-12-11T09:05:33","guid":{"rendered":"https:\/\/www.graficasagullo.com\/?page_id=1556"},"modified":"2022-11-09T10:41:38","modified_gmt":"2022-11-09T10:41:38","slug":"contact-us","status":"publish","type":"page","link":"https:\/\/www.graficasagullo.com\/en\/contact-us\/","title":{"rendered":"Contact us"},"content":{"rendered":"<section class=\"wpb-content-wrapper\"><p>[vc_row full_width=&#8221;stretch_row_content_no_spaces&#8221; css=&#8221;.vc_custom_1666188532487{background-position: center !important;background-repeat: no-repeat !important;background-size: cover !important;}&#8221;][vc_column][vc_raw_html]JTNDaWZyYW1lJTIwc3JjJTNEJTIyaHR0cHMlM0ElMkYlMkZ3d3cuZ29vZ2xlLmNvbSUyRm1hcHMlMkZlbWJlZCUzRnBiJTNEJTIxMW0xOCUyMTFtMTIlMjExbTMlMjExZDMxMTEuNDk1NzkzMzQzODUzJTIxMmQtMC40NDI1MDUxMjM1MjI5MTkxJTIxM2QzOC43NTIzMzEwNTUyNDk4MSUyMTJtMyUyMTFmMCUyMTJmMCUyMTNmMCUyMTNtMiUyMTFpMTAyNCUyMTJpNzY4JTIxNGYxMy4xJTIxM20zJTIxMW0yJTIxMXMweGQ2MThmNGUwMDQ1YjUzMyUyNTNBMHg4YzEwMzM3ODk3ZWE5ZjlkJTIxMnpSM0xEb1dacFkyRnpJRUZuZFd4c3c3TSUyMTVlMCUyMTNtMiUyMTFzZXMlMjEyc2VzJTIxNHYxNjY2MTg4NDY3ODI2JTIxNW0yJTIxMXNlcyUyMTJzZXMlMjIlMjB3aWR0aCUzRCUyMjMwMDAlMjIlMjBoZWlnaHQlM0QlMjI2MDAlMjIlMjBzdHlsZSUzRCUyMmJvcmRlciUzQTAlM0IlMjIlMjBhbGxvd2Z1bGxzY3JlZW4lM0QlMjIlMjIlMjBsb2FkaW5nJTNEJTIybGF6eSUyMiUyMHJlZmVycmVycG9saWN5JTNEJTIybm8tcmVmZXJyZXItd2hlbi1kb3duZ3JhZGUlMjIlM0UlM0MlMkZpZnJhbWUlM0U=[\/vc_raw_html][\/vc_column][\/vc_row][vc_row][vc_column width=&#8221;1\/2&#8243; css=&#8221;.vc_custom_1666176771581{background-color: #fc3465 !important;}&#8221; el_id=&#8221;cont1&#8243;][vc_column_text]<\/p>\n<h1><span style=\"color: #ffffff;\"><strong>Contact us for any kind of information<\/strong><\/span><\/h1>\n<p>[\/vc_column_text][vc_column_text]<span style=\"color: #ffffff;\">CALL US ON THIS NUMBER<\/span><br \/>\n<span style=\"color: #ffffff;\">+34 96 559 34 32<\/span><\/p>\n<p><span style=\"color: #ffffff;\">FAX<\/span><br \/>\n<span style=\"color: #ffffff;\">+34 96 559 02 55<\/span><\/p>\n<p><span style=\"color: #ffffff;\">E-MAIL<\/span><br \/>\n<span style=\"color: #ffffff;\">industria@graficasagullo.com<\/span><br \/>\n<span style=\"color: #ffffff;\">kuki@graficasagullo.com<\/span><br \/>\n<span style=\"color: #ffffff;\">comercial@graficasagullo.com<\/span>[\/vc_column_text][vc_empty_space][vc_column_text]<span style=\"color: #ffffff;\">ADDRESS<\/span><br \/>\n<span style=\"color: #ffffff;\">Calle Industria, 8, 03820<\/span><br \/>\n<span style=\"color: #ffffff;\">Cocentaina, Alicante.<\/span>[\/vc_column_text][vc_empty_space][\/vc_column][vc_column width=&#8221;1\/2&#8243; el_id=&#8221;cont2&#8243;]\n<div class=\"wpcf7 no-js\" id=\"wpcf7-f5845-o1\" lang=\"es-ES\" dir=\"ltr\">\n<div class=\"screen-reader-response\"><p role=\"status\" aria-live=\"polite\" aria-atomic=\"true\"><\/p> <ul><\/ul><\/div>\n<form action=\"\/en\/wp-json\/wp\/v2\/pages\/1556#wpcf7-f5845-o1\" method=\"post\" class=\"wpcf7-form init\" aria-label=\"Formulario de contacto\" novalidate=\"novalidate\" data-status=\"init\">\n<div style=\"display: none;\">\n<input type=\"hidden\" name=\"_wpcf7\" value=\"5845\" \/>\n<input type=\"hidden\" name=\"_wpcf7_version\" value=\"5.8.4\" \/>\n<input type=\"hidden\" name=\"_wpcf7_locale\" value=\"es_ES\" \/>\n<input type=\"hidden\" name=\"_wpcf7_unit_tag\" value=\"wpcf7-f5845-o1\" \/>\n<input type=\"hidden\" name=\"_wpcf7_container_post\" value=\"0\" \/>\n<input type=\"hidden\" name=\"_wpcf7_posted_data_hash\" value=\"\" \/>\n<input type=\"hidden\" name=\"_wpcf7_recaptcha_response\" value=\"\" \/>\n<\/div>\n<p><label style=\"margin-top: 50px;\"> <span class=\"wpcf7-form-control-wrap\" data-name=\"your-name\"><input size=\"40\" class=\"wpcf7-form-control wpcf7-text wpcf7-validates-as-required\" aria-required=\"true\" aria-invalid=\"false\" placeholder=\"NOMBRE*\" value=\"\" type=\"text\" name=\"your-name\" \/><\/span> <\/label>\n<\/p>\n<p><label> <span class=\"wpcf7-form-control-wrap\" data-name=\"your-email\"><input size=\"40\" class=\"wpcf7-form-control wpcf7-email wpcf7-validates-as-required wpcf7-text wpcf7-validates-as-email\" aria-required=\"true\" aria-invalid=\"false\" placeholder=\"CORREO ELECTR\u00d3NICO*\" value=\"\" type=\"email\" name=\"your-email\" \/><\/span> <\/label>\n<\/p>\n<p><label> <span class=\"wpcf7-form-control-wrap\" data-name=\"your-tlf\"><input size=\"40\" class=\"wpcf7-form-control wpcf7-text\" aria-invalid=\"false\" placeholder=\"TEL\u00c9FONO*\" value=\"\" type=\"text\" name=\"your-tlf\" \/><\/span> <\/label>\n<\/p>\n<p><label> MENSAJE*<br \/>\n<span class=\"wpcf7-form-control-wrap\" data-name=\"your-message\"><textarea cols=\"40\" rows=\"10\" class=\"wpcf7-form-control wpcf7-textarea\" aria-invalid=\"false\" name=\"your-message\"><\/textarea><\/span> <\/label>\n<\/p>\n<p id=\"condiciones\" style=\"line-height: 1.1;font-size: 11px;color: #fff;text-align: justify;display: flex;margin-left:-20px;margin-right:40px;margin-top:30px;margin-bottom:5px;\"><span class=\"wpcf7-form-control-wrap\" data-name=\"acceptance-120\"><span class=\"wpcf7-form-control wpcf7-acceptance\"><span class=\"wpcf7-list-item\"><input type=\"checkbox\" name=\"acceptance-120\" value=\"1\" aria-invalid=\"false\" \/><\/span><\/span><\/span>Aceptas que los datos de car\u00e1cter personal que consten en la consulta ser\u00e1n tratados por GR\u00c1FICAS AGULL\u00d3, S.L. e incorporados a la actividad de tratamiento CONTACTOS, cuya finalidad es atender tus solicitudes, peticiones o consultas recibidas desde la web, mediante correo electr\u00f3nico o telef\u00f3nico. Dar respuesta a tu solicitud y hacer un seguimiento posterior. La legitimaci\u00f3n del tratamiento es tu consentimiento. Tus datos no ser\u00e1n cedidos a terceros. Tienes derecho a acceder, rectificar y suprimir tus datos, as\u00ed como otros derechos como se explica en nuestra pol\u00edtica de privacidad.\n<\/p>\n<p><label id=\"enviar\" style=\"margin-bottom:35px !important\"> <input class=\"wpcf7-form-control wpcf7-submit has-spinner\" type=\"submit\" value=\"Enviar\" \/> <\/label>\n<\/p><div class=\"wpcf7-response-output\" aria-hidden=\"true\"><\/div>\n<\/form>\n<\/div>\n[\/vc_column][\/vc_row][vc_row equal_height=&#8221;yes&#8221; content_placement=&#8221;middle&#8221; css=&#8221;.vc_custom_1559305919494{margin-top: 35px !important;}&#8221;][vc_column width=&#8221;1\/2&#8243;][vc_column_text]<\/p>\n<h4>Work with us<\/h4>\n<p>[\/vc_column_text][vc_column_text]GR\u00c1FICAS AGULL\u00d3 S.L.<\/p>\n<p>We offer you the opportunity to work with us:<\/p>\n<p>&#8211; <strong>Commercial<\/strong> selling the quality of our printing<\/p>\n<p>&#8211; <strong>Machinist<\/strong> of our powerful printing presses.[\/vc_column_text][vc_column_text]<\/p>\n<h2><strong>Do not hesitate to contact us and send us your resume.<\/strong><\/h2>\n<p>[\/vc_column_text][\/vc_column][vc_column width=&#8221;1\/2&#8243;][vc_single_image image=&#8221;5649&#8243; img_size=&#8221;full&#8221;][\/vc_column][\/vc_row]<\/p>\n<\/section>","protected":false},"excerpt":{"rendered":"<p>[vc_row full_width=&#8221;stretch_row_content_no_spaces&#8221; css=&#8221;.vc_custom_1666188532487{background-position: center !important;background-repeat: no-repeat !important;background-size: cover !important;}&#8221;][vc_column][vc_raw_html]JTNDaWZyYW1lJTIwc3JjJTNEJTIyaHR0cHMlM0ElMkYlMkZ3d3cuZ29vZ2xlLmNvbSUyRm1hcHMlMkZlbWJlZCUzRnBiJTNEJTIxMW0xOCUyMTFtMTIlMjExbTMlMjExZDMxMTEuNDk1NzkzMzQzODUzJTIxMmQtMC40NDI1MDUxMjM1MjI5MTkxJTIxM2QzOC43NTIzMzEwNTUyNDk4MSUyMTJtMyUyMTFmMCUyMTJmMCUyMTNmMCUyMTNtMiUyMTFpMTAyNCUyMTJpNzY4JTIxNGYxMy4xJTIxM20zJTIxMW0yJTIxMXMweGQ2MThmNGUwMDQ1YjUzMyUyNTNBMHg4YzEwMzM3ODk3ZWE5ZjlkJTIxMnpSM0xEb1dacFkyRnpJRUZuZFd4c3c3TSUyMTVlMCUyMTNtMiUyMTFzZXMlMjEyc2VzJTIxNHYxNjY2MTg4NDY3ODI2JTIxNW0yJTIxMXNlcyUyMTJzZXMlMjIlMjB3aWR0aCUzRCUyMjMwMDAlMjIlMjBoZWlnaHQlM0QlMjI2MDAlMjIlMjBzdHlsZSUzRCUyMmJvcmRlciUzQTAlM0IlMjIlMjBhbGxvd2Z1bGxzY3JlZW4lM0QlMjIlMjIlMjBsb2FkaW5nJTNEJTIybGF6eSUyMiUyMHJlZmVycmVycG9saWN5JTNEJTIybm8tcmVmZXJyZXItd2hlbi1kb3duZ3JhZGUlMjIlM0UlM0MlMkZpZnJhbWUlM0U=[\/vc_raw_html][\/vc_column][\/vc_row][vc_row][vc_column width=&#8221;1\/2&#8243; css=&#8221;.vc_custom_1666176771581{background-color: #fc3465 !important;}&#8221; el_id=&#8221;cont1&#8243;][vc_column_text] Contact us for any kind of information [\/vc_column_text][vc_column_text]CALL US ON THIS NUMBER +34 96 559 34 32 FAX +34 96 559 02 55 E-MAIL industria@graficasagullo.com kuki@graficasagullo.com comercial@graficasagullo.com[\/vc_column_text][vc_empty_space][vc_column_text]ADDRESS Calle Industria, 8, 03820 Cocentaina, Alicante.[\/vc_column_text][vc_empty_space][\/vc_column][vc_column width=&#8221;1\/2&#8243; el_id=&#8221;cont2&#8243;][\/vc_column][\/vc_row][vc_row equal_height=&#8221;yes&#8221; content_placement=&#8221;middle&#8221; css=&#8221;.vc_custom_1559305919494{margin-top: 35px !important;}&#8221;][vc_column width=&#8221;1\/2&#8243;][vc_column_text] [&hellip;]<\/p>\n","protected":false},"author":2,"featured_media":0,"parent":0,"menu_order":0,"comment_status":"closed","ping_status":"closed","template":"","meta":{"footnotes":""},"acf":[],"yoast_head":"<!-- This site is optimized with the Yoast SEO plugin v21.6 - https:\/\/yoast.com\/wordpress\/plugins\/seo\/ -->\n<title>Contact us \u2013 Gr\u00e1ficas Agull\u00f3<\/title>\n<meta name=\"description\" content=\"Contact us Gr\u00e1ficas Agull\u00f3. C\/Industria 8, 03820 Cocentaina, ALICANTE, SPAIN - Telephone 1: +34 96 559 34 32 - industria@graficasagullo.com\" \/>\n<meta name=\"robots\" content=\"index, follow, max-snippet:-1, max-image-preview:large, max-video-preview:-1\" \/>\n<link rel=\"canonical\" href=\"https:\/\/www.graficasagullo.com\/en\/contact-us\/\" \/>\n<meta name=\"twitter:label1\" content=\"Est. reading time\" \/>\n\t<meta name=\"twitter:data1\" content=\"1 minute\" \/>\n<script type=\"application\/ld+json\" class=\"yoast-schema-graph\">{\"@context\":\"https:\/\/schema.org\",\"@graph\":[{\"@type\":\"WebPage\",\"@id\":\"https:\/\/www.graficasagullo.com\/en\/contact-us\/\",\"url\":\"https:\/\/www.graficasagullo.com\/en\/contact-us\/\",\"name\":\"Contact us \u2013 Gr\u00e1ficas Agull\u00f3\",\"isPartOf\":{\"@id\":\"https:\/\/www.graficasagullo.com\/#website\"},\"datePublished\":\"2012-12-11T09:05:33+00:00\",\"dateModified\":\"2022-11-09T10:41:38+00:00\",\"description\":\"Contact us Gr\u00e1ficas Agull\u00f3. C\/Industria 8, 03820 Cocentaina, ALICANTE, SPAIN - Telephone 1: +34 96 559 34 32 - industria@graficasagullo.com\",\"breadcrumb\":{\"@id\":\"https:\/\/www.graficasagullo.com\/en\/contact-us\/#breadcrumb\"},\"inLanguage\":\"en-US\",\"potentialAction\":[{\"@type\":\"ReadAction\",\"target\":[\"https:\/\/www.graficasagullo.com\/en\/contact-us\/\"]}]},{\"@type\":\"BreadcrumbList\",\"@id\":\"https:\/\/www.graficasagullo.com\/en\/contact-us\/#breadcrumb\",\"itemListElement\":[{\"@type\":\"ListItem\",\"position\":1,\"name\":\"Portada\",\"item\":\"https:\/\/www.graficasagullo.com\/en\/\"},{\"@type\":\"ListItem\",\"position\":2,\"name\":\"Contact us\"}]},{\"@type\":\"WebSite\",\"@id\":\"https:\/\/www.graficasagullo.com\/#website\",\"url\":\"https:\/\/www.graficasagullo.com\/\",\"name\":\"Gr\u00e1ficas Agull\u00f3\",\"description\":\"Tu dise\u00f1o, nuestra ilusi\u00f3n. El acabado marca la diferencia\",\"potentialAction\":[{\"@type\":\"SearchAction\",\"target\":{\"@type\":\"EntryPoint\",\"urlTemplate\":\"https:\/\/www.graficasagullo.com\/?s={search_term_string}\"},\"query-input\":\"required name=search_term_string\"}],\"inLanguage\":\"en-US\"}]}<\/script>\n<!-- \/ Yoast SEO plugin. -->","yoast_head_json":{"title":"Contact us \u2013 Gr\u00e1ficas Agull\u00f3","description":"Contact us Gr\u00e1ficas Agull\u00f3. C\/Industria 8, 03820 Cocentaina, ALICANTE, SPAIN - Telephone 1: +34 96 559 34 32 - industria@graficasagullo.com","robots":{"index":"index","follow":"follow","max-snippet":"max-snippet:-1","max-image-preview":"max-image-preview:large","max-video-preview":"max-video-preview:-1"},"canonical":"https:\/\/www.graficasagullo.com\/en\/contact-us\/","twitter_misc":{"Est. reading time":"1 minute"},"schema":{"@context":"https:\/\/schema.org","@graph":[{"@type":"WebPage","@id":"https:\/\/www.graficasagullo.com\/en\/contact-us\/","url":"https:\/\/www.graficasagullo.com\/en\/contact-us\/","name":"Contact us \u2013 Gr\u00e1ficas Agull\u00f3","isPartOf":{"@id":"https:\/\/www.graficasagullo.com\/#website"},"datePublished":"2012-12-11T09:05:33+00:00","dateModified":"2022-11-09T10:41:38+00:00","description":"Contact us Gr\u00e1ficas Agull\u00f3. C\/Industria 8, 03820 Cocentaina, ALICANTE, SPAIN - Telephone 1: +34 96 559 34 32 - industria@graficasagullo.com","breadcrumb":{"@id":"https:\/\/www.graficasagullo.com\/en\/contact-us\/#breadcrumb"},"inLanguage":"en-US","potentialAction":[{"@type":"ReadAction","target":["https:\/\/www.graficasagullo.com\/en\/contact-us\/"]}]},{"@type":"BreadcrumbList","@id":"https:\/\/www.graficasagullo.com\/en\/contact-us\/#breadcrumb","itemListElement":[{"@type":"ListItem","position":1,"name":"Portada","item":"https:\/\/www.graficasagullo.com\/en\/"},{"@type":"ListItem","position":2,"name":"Contact us"}]},{"@type":"WebSite","@id":"https:\/\/www.graficasagullo.com\/#website","url":"https:\/\/www.graficasagullo.com\/","name":"Gr\u00e1ficas Agull\u00f3","description":"Tu dise\u00f1o, nuestra ilusi\u00f3n. El acabado marca la diferencia","potentialAction":[{"@type":"SearchAction","target":{"@type":"EntryPoint","urlTemplate":"https:\/\/www.graficasagullo.com\/?s={search_term_string}"},"query-input":"required name=search_term_string"}],"inLanguage":"en-US"}]}},"_links":{"self":[{"href":"https:\/\/www.graficasagullo.com\/en\/wp-json\/wp\/v2\/pages\/1556"}],"collection":[{"href":"https:\/\/www.graficasagullo.com\/en\/wp-json\/wp\/v2\/pages"}],"about":[{"href":"https:\/\/www.graficasagullo.com\/en\/wp-json\/wp\/v2\/types\/page"}],"author":[{"embeddable":true,"href":"https:\/\/www.graficasagullo.com\/en\/wp-json\/wp\/v2\/users\/2"}],"replies":[{"embeddable":true,"href":"https:\/\/www.graficasagullo.com\/en\/wp-json\/wp\/v2\/comments?post=1556"}],"version-history":[{"count":0,"href":"https:\/\/www.graficasagullo.com\/en\/wp-json\/wp\/v2\/pages\/1556\/revisions"}],"wp:attachment":[{"href":"https:\/\/www.graficasagullo.com\/en\/wp-json\/wp\/v2\/media?parent=1556"}],"curies":[{"name":"wp","href":"https:\/\/api.w.org\/{rel}","templated":true}]}}