{"id":1567,"date":"2012-12-11T09:27:07","date_gmt":"2012-12-11T09:27:07","guid":{"rendered":"https:\/\/www.graficasagullo.com\/?page_id=1567"},"modified":"2022-10-28T11:06:03","modified_gmt":"2022-10-28T11:06:03","slug":"who-we-are","status":"publish","type":"page","link":"https:\/\/www.graficasagullo.com\/en\/who-we-are\/","title":{"rendered":"Who we are"},"content":{"rendered":"<section class=\"wpb-content-wrapper\"><p>[vc_row equal_height=&#8221;yes&#8221; content_placement=&#8221;middle&#8221;][vc_column width=&#8221;1\/2&#8243;][vc_video link=&#8221;https:\/\/youtu.be\/fUFP2s8eaWY&#8221; align=&#8221;center&#8221;][\/vc_column][vc_column width=&#8221;1\/2&#8243;][vc_column_text]In <span style=\"color: #fc3465;\"><strong>Gr\u00e1ficas Agull\u00f3 <\/strong><\/span>we work to make your ideas come true. We are dedicated to make all kinds of prints since we work with different formats, paper types, materials and with any kind of printing and finishing.<\/p>\n<p>In addition, we produce different products with the material that best suits your project: books, magazines, catalogs, brochures, leaflets, posters, and all kinds of printed products. Our way of working is based on our high quality standards and always optimizing and adjusting to the maximum the time of reception, printing and delivery.[\/vc_column_text][\/vc_column][vc_column][vc_column_text text_align=&#8221;text-center&#8221;]<\/p>\n<ul>\n<li aria-level=\"1\">We are characterized by excellence and quality in printing solutions.<\/li>\n<li aria-level=\"1\">We strive for speed in delivery times.<\/li>\n<li aria-level=\"1\">50 years of experience, and the trust of our customers, support us in this long journey.<\/li>\n<li aria-level=\"1\">We have the latest technological advances in the field of Graphic Arts.<\/li>\n<\/ul>\n<p>[\/vc_column_text][\/vc_column][\/vc_row][vc_row][vc_column css=&#8221;.vc_custom_1559296208822{margin-top: 50px !important;}&#8221;][vc_column_text el_class=&#8221;margin-top:-25px;&#8221; el_id=&#8221;txtEmp2&#8243;]<\/p>\n<h2 style=\"color: #fc3465;\">We print illusions.<\/h2>\n<h1 style=\"color: #fc3465;\"><strong>We add color to ideas&#8230;<\/strong><\/h1>\n<p>[\/vc_column_text][vc_empty_space height=&#8221;65px&#8221;][\/vc_column][\/vc_row][vc_row][vc_column width=&#8221;1\/2&#8243;][vc_column_text]<\/p>\n<p style=\"text-align: right; color: #4abcc4;\"><strong>SERVICES<\/strong><\/p>\n<p style=\"text-align: right;\">Ideation and creativity\u00a0 <strong><span style=\"color: #fc3465;\">\u2713<\/span><\/strong><\/p>\n<p style=\"text-align: right;\">Quality\u00a0 <strong><span style=\"color: #fc3465;\">\u2713<\/span><\/strong><\/p>\n<p style=\"text-align: right;\">Optimization\u00a0 <strong><span style=\"color: #fc3465;\">\u2713<\/span><\/strong><\/p>\n<p>[\/vc_column_text][\/vc_column][vc_column width=&#8221;1\/2&#8243;][vc_single_image image=&#8221;6073&#8243; img_size=&#8221;full&#8221;][\/vc_column][\/vc_row][vc_row][vc_column width=&#8221;1\/2&#8243;][vc_single_image image=&#8221;6065&#8243; img_size=&#8221;full&#8221;][\/vc_column][vc_column width=&#8221;1\/2&#8243;][vc_column_text]<\/p>\n<p style=\"color: #4abcc4; text-align: left;\"><strong>PRODUCTS<\/strong><\/p>\n<p style=\"text-align: left;\"><strong><span style=\"color: #fc3465;\">\u2713<\/span><\/strong>\u00a0 Books<\/p>\n<p style=\"text-align: left;\"><strong><span style=\"color: #fc3465;\">\u2713\u00a0<\/span><\/strong> Magazines<\/p>\n<p style=\"text-align: left;\"><strong><span style=\"color: #fc3465;\">\u2713\u00a0<\/span><\/strong> Catalogs<\/p>\n<p style=\"text-align: left;\"><strong><span style=\"color: #fc3465;\">\u2713\u00a0<\/span><\/strong> Leaflets<\/p>\n<p style=\"text-align: left;\"><strong><span style=\"color: #fc3465;\">\u2713\u00a0<\/span><\/strong> Leaflets<\/p>\n<p>[\/vc_column_text][\/vc_column][\/vc_row][vc_row][vc_column width=&#8221;1\/2&#8243;][vc_column_text]<\/p>\n<p style=\"text-align: right; color: #4abcc4;\"><strong>WHAT WE OFFER<\/strong><\/p>\n<p style=\"text-align: right;\">Any format\u00a0 <strong><span style=\"color: #fc3465;\">\u2713<\/span><\/strong><\/p>\n<p style=\"text-align: right;\">All types of paper\u00a0 <strong><span style=\"color: #fc3465;\">\u2713<\/span><\/strong><\/p>\n<p style=\"text-align: right;\">Great diversity of materials\u00a0 <strong><span style=\"color: #fc3465;\">\u2713<\/span><\/strong><\/p>\n<p style=\"text-align: right;\">All types of printing\u00a0 <strong><span style=\"color: #fc3465;\">\u2713<\/span><\/strong><\/p>\n<p style=\"text-align: right;\">Variety of finishes\u00a0 <strong><span style=\"color: #fc3465;\">\u2713<\/span><\/strong><\/p>\n<p style=\"text-align: right;\">Special die-cutting\u00a0 <strong><span style=\"color: #fc3465;\">\u2713<\/span><\/strong><\/p>\n<p>[\/vc_column_text][\/vc_column][vc_column width=&#8221;1\/2&#8243;][vc_single_image image=&#8221;6067&#8243; img_size=&#8221;full&#8221;][\/vc_column][\/vc_row][vc_row][vc_column][vc_empty_space height=&#8221;85px&#8221;][\/vc_column][\/vc_row][vc_row][vc_column width=&#8221;1\/4&#8243;][vc_single_image image=&#8221;6069&#8243; img_size=&#8221;262&#215;881&#8243; alignment=&#8221;center&#8221; el_id=&#8221;imagenEmpresa&#8221;][\/vc_column][vc_column width=&#8221;3\/4&#8243;][vc_column_text el_id=&#8221;txtEmp1&#8243;]<\/p>\n<h2 style=\"text-align: left; color: #4abcc4; letter-spacing: 3px; font-weight: normal;\">Your design.<\/h2>\n<h2 style=\"text-align: left; color: #4abcc4; line-height: 0.1; letter-spacing: 4px; font-weight: bold;\">Our illusion.<\/h2>\n<p>[\/vc_column_text][vc_empty_space height=&#8221;5px&#8221;][vc_column_text el_id=&#8221;textoEmpresa&#8221;]<\/p>\n<p style=\"text-align: left;\">We dedicate all our time and effort to <span style=\"color: #fc3465;\"><strong>develop the most varied projects.<\/strong><\/span><\/p>\n<p style=\"text-align: left;\"><span style=\"color: #fc3465;\"><strong>We are characterized by excellence<\/strong><\/span> and quality in printing solutions.<\/p>\n<p style=\"text-align: left;\">We strive for <span style=\"color: #fc3465;\"><strong>speed in delivery times.<\/strong><\/span><\/p>\n<p style=\"text-align: left;\"><span style=\"color: #fc3465;\"><strong>50 years of experience, and the trust of our customers, support us in this long journey.<\/strong><\/span><\/p>\n<p style=\"text-align: left;\">We have the <span style=\"color: #fc3465;\"><strong>latest technological advances<\/strong><\/span> in the field of Graphic Arts.<\/p>\n<p>[\/vc_column_text][vc_empty_space height=&#8221;15px&#8221;][vc_row_inner][vc_column_inner width=&#8221;1\/4&#8243;][vc_single_image image=&#8221;6084&#8243; el_id=&#8221;iconoEmpresa&#8221;][\/vc_column_inner][vc_column_inner width=&#8221;3\/4&#8243;][vc_empty_space height=&#8221;10px&#8221;][vc_column_text el_id=&#8221;textoLogoEmp&#8221;]<\/p>\n<h3>Certificates<\/h3>\n<p>Certified in quality management systems<br \/>\nISO:9001 and ISO:14001.[\/vc_column_text][\/vc_column_inner][\/vc_row_inner][vc_row_inner][vc_column_inner width=&#8221;1\/4&#8243;][vc_single_image image=&#8221;6086&#8243; el_id=&#8221;iconoEmpresa&#8221;][\/vc_column_inner][vc_column_inner width=&#8221;3\/4&#8243;][vc_empty_space height=&#8221;10px&#8221;][vc_column_text el_id=&#8221;textoLogoEmp&#8221;]<\/p>\n<h3>Versatility<\/h3>\n<p>We are able to give shape to all your ideas, even if they do not exist, we can invent them.<br \/>\nwe can invent them, we put all the color to the image of your<br \/>\ncolor your company&#8217;s image so that it does not go unnoticed.[\/vc_column_text][\/vc_column_inner][\/vc_row_inner][vc_row_inner][vc_column_inner width=&#8221;1\/4&#8243;][vc_single_image image=&#8221;6088&#8243; el_id=&#8221;iconoEmpresa&#8221;][\/vc_column_inner][vc_column_inner width=&#8221;3\/4&#8243;][vc_empty_space height=&#8221;10px&#8221;][vc_column_text el_id=&#8221;textoLogoEmp&#8221;]<\/p>\n<h3>Finishes<\/h3>\n<p>We use different types of materials and finishes to manufacture, among others<br \/>\nmanufacture, among others: cases, displays, sleeves, boxes, briefcases<br \/>\ncases, display cases, cases, briefcases, self-mountable containers, magnets, outdoor<br \/>\nplacemats, coasters, coasters, blister packs for welding, adhesive<br \/>\nadhesive labels in PP, PVC and PE&#8230;[\/vc_column_text][\/vc_column_inner][\/vc_row_inner][\/vc_column][\/vc_row]<\/p>\n<\/section>","protected":false},"excerpt":{"rendered":"<p>[vc_row equal_height=&#8221;yes&#8221; content_placement=&#8221;middle&#8221;][vc_column width=&#8221;1\/2&#8243;][vc_video link=&#8221;https:\/\/youtu.be\/fUFP2s8eaWY&#8221; align=&#8221;center&#8221;][\/vc_column][vc_column width=&#8221;1\/2&#8243;][vc_column_text]In Gr\u00e1ficas Agull\u00f3 we work to make your ideas come true. We are dedicated to make all kinds of prints since we work with different formats, paper types, materials and with any kind of printing and finishing. In addition, we produce different products with the material that best suits [&hellip;]<\/p>\n","protected":false},"author":2,"featured_media":0,"parent":0,"menu_order":0,"comment_status":"closed","ping_status":"open","template":"","meta":{"footnotes":""},"acf":[],"yoast_head":"<!-- This site is optimized with the Yoast SEO plugin v21.6 - https:\/\/yoast.com\/wordpress\/plugins\/seo\/ -->\n<title>Gr\u00e1ficas Agull\u00f3 - Impresi\u00f3n<\/title>\n<meta name=\"robots\" content=\"index, follow, max-snippet:-1, max-image-preview:large, max-video-preview:-1\" \/>\n<link rel=\"canonical\" href=\"https:\/\/www.graficasagullo.com\/en\/who-we-are\/\" \/>\n<meta name=\"twitter:label1\" content=\"Est. reading time\" \/>\n\t<meta name=\"twitter:data1\" content=\"2 minutes\" \/>\n<script type=\"application\/ld+json\" class=\"yoast-schema-graph\">{\"@context\":\"https:\/\/schema.org\",\"@graph\":[{\"@type\":\"WebPage\",\"@id\":\"https:\/\/www.graficasagullo.com\/en\/who-we-are\/\",\"url\":\"https:\/\/www.graficasagullo.com\/en\/who-we-are\/\",\"name\":\"Gr\u00e1ficas Agull\u00f3 - Impresi\u00f3n\",\"isPartOf\":{\"@id\":\"https:\/\/www.graficasagullo.com\/#website\"},\"datePublished\":\"2012-12-11T09:27:07+00:00\",\"dateModified\":\"2022-10-28T11:06:03+00:00\",\"breadcrumb\":{\"@id\":\"https:\/\/www.graficasagullo.com\/en\/who-we-are\/#breadcrumb\"},\"inLanguage\":\"en-US\",\"potentialAction\":[{\"@type\":\"ReadAction\",\"target\":[\"https:\/\/www.graficasagullo.com\/en\/who-we-are\/\"]}]},{\"@type\":\"BreadcrumbList\",\"@id\":\"https:\/\/www.graficasagullo.com\/en\/who-we-are\/#breadcrumb\",\"itemListElement\":[{\"@type\":\"ListItem\",\"position\":1,\"name\":\"Portada\",\"item\":\"https:\/\/www.graficasagullo.com\/en\/\"},{\"@type\":\"ListItem\",\"position\":2,\"name\":\"Who we are\"}]},{\"@type\":\"WebSite\",\"@id\":\"https:\/\/www.graficasagullo.com\/#website\",\"url\":\"https:\/\/www.graficasagullo.com\/\",\"name\":\"Gr\u00e1ficas Agull\u00f3\",\"description\":\"Tu dise\u00f1o, nuestra ilusi\u00f3n. El acabado marca la diferencia\",\"potentialAction\":[{\"@type\":\"SearchAction\",\"target\":{\"@type\":\"EntryPoint\",\"urlTemplate\":\"https:\/\/www.graficasagullo.com\/?s={search_term_string}\"},\"query-input\":\"required name=search_term_string\"}],\"inLanguage\":\"en-US\"}]}<\/script>\n<!-- \/ Yoast SEO plugin. -->","yoast_head_json":{"title":"Gr\u00e1ficas Agull\u00f3 - Impresi\u00f3n","robots":{"index":"index","follow":"follow","max-snippet":"max-snippet:-1","max-image-preview":"max-image-preview:large","max-video-preview":"max-video-preview:-1"},"canonical":"https:\/\/www.graficasagullo.com\/en\/who-we-are\/","twitter_misc":{"Est. reading time":"2 minutes"},"schema":{"@context":"https:\/\/schema.org","@graph":[{"@type":"WebPage","@id":"https:\/\/www.graficasagullo.com\/en\/who-we-are\/","url":"https:\/\/www.graficasagullo.com\/en\/who-we-are\/","name":"Gr\u00e1ficas Agull\u00f3 - Impresi\u00f3n","isPartOf":{"@id":"https:\/\/www.graficasagullo.com\/#website"},"datePublished":"2012-12-11T09:27:07+00:00","dateModified":"2022-10-28T11:06:03+00:00","breadcrumb":{"@id":"https:\/\/www.graficasagullo.com\/en\/who-we-are\/#breadcrumb"},"inLanguage":"en-US","potentialAction":[{"@type":"ReadAction","target":["https:\/\/www.graficasagullo.com\/en\/who-we-are\/"]}]},{"@type":"BreadcrumbList","@id":"https:\/\/www.graficasagullo.com\/en\/who-we-are\/#breadcrumb","itemListElement":[{"@type":"ListItem","position":1,"name":"Portada","item":"https:\/\/www.graficasagullo.com\/en\/"},{"@type":"ListItem","position":2,"name":"Who we are"}]},{"@type":"WebSite","@id":"https:\/\/www.graficasagullo.com\/#website","url":"https:\/\/www.graficasagullo.com\/","name":"Gr\u00e1ficas Agull\u00f3","description":"Tu dise\u00f1o, nuestra ilusi\u00f3n. El acabado marca la diferencia","potentialAction":[{"@type":"SearchAction","target":{"@type":"EntryPoint","urlTemplate":"https:\/\/www.graficasagullo.com\/?s={search_term_string}"},"query-input":"required name=search_term_string"}],"inLanguage":"en-US"}]}},"_links":{"self":[{"href":"https:\/\/www.graficasagullo.com\/en\/wp-json\/wp\/v2\/pages\/1567"}],"collection":[{"href":"https:\/\/www.graficasagullo.com\/en\/wp-json\/wp\/v2\/pages"}],"about":[{"href":"https:\/\/www.graficasagullo.com\/en\/wp-json\/wp\/v2\/types\/page"}],"author":[{"embeddable":true,"href":"https:\/\/www.graficasagullo.com\/en\/wp-json\/wp\/v2\/users\/2"}],"replies":[{"embeddable":true,"href":"https:\/\/www.graficasagullo.com\/en\/wp-json\/wp\/v2\/comments?post=1567"}],"version-history":[{"count":0,"href":"https:\/\/www.graficasagullo.com\/en\/wp-json\/wp\/v2\/pages\/1567\/revisions"}],"wp:attachment":[{"href":"https:\/\/www.graficasagullo.com\/en\/wp-json\/wp\/v2\/media?parent=1567"}],"curies":[{"name":"wp","href":"https:\/\/api.w.org\/{rel}","templated":true}]}}