{"id":4391,"date":"2019-06-03T16:54:41","date_gmt":"2019-06-03T16:54:41","guid":{"rendered":"https:\/\/www.graficasagullo.com\/?page_id=4391"},"modified":"2022-11-09T14:18:51","modified_gmt":"2022-11-09T14:18:51","slug":"sustainable-packaging","status":"publish","type":"page","link":"https:\/\/www.graficasagullo.com\/en\/sustainable-packaging\/","title":{"rendered":"Sustainable packaging"},"content":{"rendered":"<section class=\"wpb-content-wrapper\"><p>[vc_row full_width=&#8221;stretch_row_content_no_spaces&#8221;][vc_column]\n\t\t\t<!-- START sostenibilidad REVOLUTION SLIDER 6.7.36 --><p class=\"rs-p-wp-fix\"><\/p>\n\t\t\t<rs-module-wrap id=\"rev_slider_6_1_wrapper\" data-source=\"gallery\" style=\"visibility:hidden;background:transparent;padding:0;margin:0px auto;margin-top:0;margin-bottom:0;\">\n\t\t\t\t<rs-module id=\"rev_slider_6_1\" style=\"\" data-version=\"6.7.36\">\n\t\t\t\t\t<rs-slides style=\"overflow: hidden; position: absolute;\">\n\t\t\t\t\t\t<rs-slide style=\"position: absolute;\" data-key=\"rs-23\" data-title=\"Slide\" data-anim=\"adpr:false;\">\n\t\t\t\t\t\t\t<img src=\"\/\/www.graficasagullo.com\/wp-content\/plugins\/revslider\/sr6\/assets\/assets\/dummy.png\" alt=\"\" title=\"Sustainable packaging\" class=\"rev-slidebg tp-rs-img rs-lazyload\" data-lazyload=\"\/\/www.graficasagullo.com\/wp-content\/uploads\/graficas-agullo-banner-Sostenibilidad-2-1.jpg\" data-bg=\"p:center top;f:100% 100%;\" data-no-retina>\n<!---->\t\t\t\t\t<\/rs-slide>\n\t\t\t\t\t<\/rs-slides>\n\t\t\t\t<\/rs-module>\n\t\t\t\t<script>\n\t\t\t\t\tsetREVStartSize({c: 'rev_slider_6_1',rl:[1240,1024,778,480],el:[],gw:[1920],gh:[537],type:'standard',justify:'',layout:'fullwidth',mh:\"0\"});if (window.RS_MODULES!==undefined && window.RS_MODULES.modules!==undefined && window.RS_MODULES.modules[\"revslider61\"]!==undefined) {window.RS_MODULES.modules[\"revslider61\"].once = false;window.revapi6 = undefined;if (window.RS_MODULES.checkMinimal!==undefined) window.RS_MODULES.checkMinimal()}\n\t\t\t\t<\/script>\n\t\t\t<\/rs-module-wrap>\n\t\t\t<!-- END REVOLUTION SLIDER -->\n[vc_empty_space][\/vc_column][\/vc_row][vc_row][vc_column][vc_column_text]<\/p>\n<h2 style=\"text-align: center;\"><strong>Commitment to the environment<\/strong><\/h2>\n<p>[\/vc_column_text][vc_column_text]<\/p>\n<h1 style=\"text-align: center;\"><span style=\"text-decoration: underline; color: #00bdc6; font-size: 30px;\">&#8220;Sustainable printing&#8221;<\/span><\/h1>\n<p>[\/vc_column_text][vc_column_text]<\/p>\n<p style=\"text-align: center;\">In <strong>Gr\u00e1ficas Agull\u00f3<\/strong> we are highly committed to the <strong>environment<\/strong> and always bearing in mind the current concern about <strong>climate change<\/strong>. For this reason, our company is actively working to replace all <strong>polluting products<\/strong> with others that are less harmful to the <strong>environment<\/strong>.<\/p>\n<p style=\"text-align: center;\">Among all the <strong>sustainability processes<\/strong> we carry out, we are recycling most of the <strong>cardboard<\/strong> and <strong>plastic<\/strong> that we do not use for our <strong>packaging<\/strong>. In addition, all the waste generated by our company is recycled and managed by an authorized company, thus ensuring our total commitment to the environment.<\/p>\n<p style=\"text-align: center;\">Currently, <strong>sustainability<\/strong> is key to the development of new products in all sectors and markets. At <strong>Gr\u00e1ficas Agull\u00f3<\/strong> we are committed to reducing the amount of <strong>waste<\/strong> we generate on a daily basis and also to making our work processes much more <strong>environmentally friendly<\/strong>. Because of this, we manufacture <strong>ecological<\/strong> and <strong>sustainable packaging<\/strong> through the circular economy:<\/p>\n<p>[\/vc_column_text][\/vc_column][\/vc_row][vc_row][vc_column][vc_single_image image=&#8221;4204&#8243; img_size=&#8221;full&#8221; alignment=&#8221;center&#8221; onclick=&#8221;link_image&#8221;][\/vc_column][\/vc_row][vc_row][vc_column][vc_column_text]<\/p>\n<p style=\"text-align: center;\">We optimize <strong>work processes<\/strong>, <strong>recycle<\/strong> and use ecologically <strong>certified materials<\/strong> that have a much lower impact on the <strong>environment<\/strong>. We also take care to facilitate, as far as possible, <strong>the transportation<\/strong>, <strong>logistics<\/strong> and <strong>recycling processing<\/strong> of all materials used.<\/p>\n<p>[\/vc_column_text][vc_single_image image=&#8221;6270&#8243; img_size=&#8221;full&#8221; alignment=&#8221;center&#8221;][\/vc_column][\/vc_row][vc_row][vc_column][vc_column_text]<\/p>\n<h2 style=\"text-align: center;\"><span style=\"color: #00bdc6;\">Specialists in ecological packaging and custom-made packaging.<\/span><\/h2>\n<p style=\"text-align: center;\">In <strong>Gr\u00e1ficas Agull\u00f3<\/strong> we manufacture all kinds of <strong>customized and personalized packaging<\/strong> . We take care of <strong>the development and production<\/strong> of plastic packaging, cardboard and \/ or any other material that the customer requires.<\/p>\n<p style=\"text-align: center;\">Each sector and market requires specific working needs and a <strong>packaging<\/strong> adapted to those specifications. We offer <strong>solutions adapted<\/strong> to all types of products and markets: <strong>food, cosmetics, textile, technology<\/strong>\u2026<\/p>\n<p style=\"text-align: center;\">In <strong>Gr\u00e1ficas Agull\u00f3<\/strong>, in addition to our total commitment to the <strong>environment<\/strong>, we also offer our customers our long experience in the sector and the highest quality in all our work.<\/p>\n<p>[\/vc_column_text][\/vc_column][\/vc_row]<\/p>\n<\/section>","protected":false},"excerpt":{"rendered":"<p>[vc_row full_width=&#8221;stretch_row_content_no_spaces&#8221;][vc_column][vc_empty_space][\/vc_column][\/vc_row][vc_row][vc_column][vc_column_text] Commitment to the environment [\/vc_column_text][vc_column_text] &#8220;Sustainable printing&#8221; [\/vc_column_text][vc_column_text] In Gr\u00e1ficas Agull\u00f3 we are highly committed to the environment and always bearing in mind the current concern about climate change. For this reason, our company is actively working to replace all polluting products with others that are less harmful to the environment. Among all [&hellip;]<\/p>\n","protected":false},"author":2,"featured_media":0,"parent":0,"menu_order":0,"comment_status":"closed","ping_status":"closed","template":"","meta":{"footnotes":""},"acf":[],"yoast_head":"<!-- This site is optimized with the Yoast SEO plugin v21.6 - https:\/\/yoast.com\/wordpress\/plugins\/seo\/ -->\n<title>Gr\u00e1ficas Agull\u00f3 - Impresi\u00f3n<\/title>\n<meta name=\"robots\" content=\"index, follow, max-snippet:-1, max-image-preview:large, max-video-preview:-1\" \/>\n<link rel=\"canonical\" href=\"https:\/\/www.graficasagullo.com\/en\/sustainable-packaging\/\" \/>\n<meta name=\"twitter:label1\" content=\"Est. reading time\" \/>\n\t<meta name=\"twitter:data1\" content=\"2 minutes\" \/>\n<script type=\"application\/ld+json\" class=\"yoast-schema-graph\">{\"@context\":\"https:\/\/schema.org\",\"@graph\":[{\"@type\":\"WebPage\",\"@id\":\"https:\/\/www.graficasagullo.com\/en\/sustainable-packaging\/\",\"url\":\"https:\/\/www.graficasagullo.com\/en\/sustainable-packaging\/\",\"name\":\"Gr\u00e1ficas Agull\u00f3 - Impresi\u00f3n\",\"isPartOf\":{\"@id\":\"https:\/\/www.graficasagullo.com\/#website\"},\"datePublished\":\"2019-06-03T16:54:41+00:00\",\"dateModified\":\"2022-11-09T14:18:51+00:00\",\"breadcrumb\":{\"@id\":\"https:\/\/www.graficasagullo.com\/en\/sustainable-packaging\/#breadcrumb\"},\"inLanguage\":\"en-US\",\"potentialAction\":[{\"@type\":\"ReadAction\",\"target\":[\"https:\/\/www.graficasagullo.com\/en\/sustainable-packaging\/\"]}]},{\"@type\":\"BreadcrumbList\",\"@id\":\"https:\/\/www.graficasagullo.com\/en\/sustainable-packaging\/#breadcrumb\",\"itemListElement\":[{\"@type\":\"ListItem\",\"position\":1,\"name\":\"Portada\",\"item\":\"https:\/\/www.graficasagullo.com\/en\/\"},{\"@type\":\"ListItem\",\"position\":2,\"name\":\"Sustainable packaging\"}]},{\"@type\":\"WebSite\",\"@id\":\"https:\/\/www.graficasagullo.com\/#website\",\"url\":\"https:\/\/www.graficasagullo.com\/\",\"name\":\"Gr\u00e1ficas Agull\u00f3\",\"description\":\"Tu dise\u00f1o, nuestra ilusi\u00f3n. El acabado marca la diferencia\",\"potentialAction\":[{\"@type\":\"SearchAction\",\"target\":{\"@type\":\"EntryPoint\",\"urlTemplate\":\"https:\/\/www.graficasagullo.com\/?s={search_term_string}\"},\"query-input\":\"required name=search_term_string\"}],\"inLanguage\":\"en-US\"}]}<\/script>\n<!-- \/ Yoast SEO plugin. -->","yoast_head_json":{"title":"Gr\u00e1ficas Agull\u00f3 - Impresi\u00f3n","robots":{"index":"index","follow":"follow","max-snippet":"max-snippet:-1","max-image-preview":"max-image-preview:large","max-video-preview":"max-video-preview:-1"},"canonical":"https:\/\/www.graficasagullo.com\/en\/sustainable-packaging\/","twitter_misc":{"Est. reading time":"2 minutes"},"schema":{"@context":"https:\/\/schema.org","@graph":[{"@type":"WebPage","@id":"https:\/\/www.graficasagullo.com\/en\/sustainable-packaging\/","url":"https:\/\/www.graficasagullo.com\/en\/sustainable-packaging\/","name":"Gr\u00e1ficas Agull\u00f3 - Impresi\u00f3n","isPartOf":{"@id":"https:\/\/www.graficasagullo.com\/#website"},"datePublished":"2019-06-03T16:54:41+00:00","dateModified":"2022-11-09T14:18:51+00:00","breadcrumb":{"@id":"https:\/\/www.graficasagullo.com\/en\/sustainable-packaging\/#breadcrumb"},"inLanguage":"en-US","potentialAction":[{"@type":"ReadAction","target":["https:\/\/www.graficasagullo.com\/en\/sustainable-packaging\/"]}]},{"@type":"BreadcrumbList","@id":"https:\/\/www.graficasagullo.com\/en\/sustainable-packaging\/#breadcrumb","itemListElement":[{"@type":"ListItem","position":1,"name":"Portada","item":"https:\/\/www.graficasagullo.com\/en\/"},{"@type":"ListItem","position":2,"name":"Sustainable packaging"}]},{"@type":"WebSite","@id":"https:\/\/www.graficasagullo.com\/#website","url":"https:\/\/www.graficasagullo.com\/","name":"Gr\u00e1ficas Agull\u00f3","description":"Tu dise\u00f1o, nuestra ilusi\u00f3n. El acabado marca la diferencia","potentialAction":[{"@type":"SearchAction","target":{"@type":"EntryPoint","urlTemplate":"https:\/\/www.graficasagullo.com\/?s={search_term_string}"},"query-input":"required name=search_term_string"}],"inLanguage":"en-US"}]}},"_links":{"self":[{"href":"https:\/\/www.graficasagullo.com\/en\/wp-json\/wp\/v2\/pages\/4391"}],"collection":[{"href":"https:\/\/www.graficasagullo.com\/en\/wp-json\/wp\/v2\/pages"}],"about":[{"href":"https:\/\/www.graficasagullo.com\/en\/wp-json\/wp\/v2\/types\/page"}],"author":[{"embeddable":true,"href":"https:\/\/www.graficasagullo.com\/en\/wp-json\/wp\/v2\/users\/2"}],"replies":[{"embeddable":true,"href":"https:\/\/www.graficasagullo.com\/en\/wp-json\/wp\/v2\/comments?post=4391"}],"version-history":[{"count":0,"href":"https:\/\/www.graficasagullo.com\/en\/wp-json\/wp\/v2\/pages\/4391\/revisions"}],"wp:attachment":[{"href":"https:\/\/www.graficasagullo.com\/en\/wp-json\/wp\/v2\/media?parent=4391"}],"curies":[{"name":"wp","href":"https:\/\/api.w.org\/{rel}","templated":true}]}}