{"id":5949,"date":"2022-10-24T08:47:38","date_gmt":"2022-10-24T08:47:38","guid":{"rendered":"https:\/\/www.graficasagullo.com\/?page_id=5949"},"modified":"2022-10-24T08:47:38","modified_gmt":"2022-10-24T08:47:38","slug":"offset-uv-std","status":"publish","type":"page","link":"https:\/\/www.graficasagullo.com\/en\/offset-uv-std\/","title":{"rendered":"Offset UV"},"content":{"rendered":"<section class=\"wpb-content-wrapper\"><p>[vc_row][vc_column][vc_column_text text_align=&#8221;text-center&#8221;]The <span style=\"color: #2596be;\">UV technique<\/span> is used to print on any material. The process is the same as traditional printing,<br \/>\nthe only difference is the inks used and the drying process.<\/p>\n<p>UV inks are dried through a photomechanical process. The inks are exposed to ultraviolet light when printed.<br \/>\nIt is a process that allows you to print on virtually any material you want.<\/p>\n<p>UV printing is considered a green technology and safe for the environment because it<br \/>\ndry immediately and do not release any VOCs into the environment.[\/vc_column_text][\/vc_column][\/vc_row][vc_row][vc_column][vc_column_text el_id=&#8221;offUV&#8221;]PRODUCTS[\/vc_column_text][vc_separator border_width=&#8221;2&#8243;][\/vc_column][\/vc_row][vc_row el_id=&#8221;showOffsetProds&#8221;][vc_column]<div class=\"woocommerce columns-3 \"><ul class=\"products columns-3\">\n<li class=\"product type-product post-6292 status-publish first instock product_cat-offset-uv has-post-thumbnail shipping-taxable product-type-simple\">\n\t\t<div class=\"woocommerce-product-inner\">\n\t\t<div class=\"woocommerce-product-header\">\n\t\t\t<a class=\"woocommerce-product-details\" href=\"https:\/\/www.graficasagullo.com\/en\/producto\/adhesivos-uv\/\">\n\t\t\t\t<img width=\"300\" height=\"300\" src=\"https:\/\/www.graficasagullo.com\/wp-content\/uploads\/graficas-agullo-adhesivo-UV-300x300.jpg\" class=\"attachment-woocommerce_thumbnail size-woocommerce_thumbnail\" alt=\"\" decoding=\"async\" loading=\"lazy\" \/>\t\t\t<\/a>\n\t\t\t<div class=\"woocommerce-product-meta\">\n\t\t\t\t\t\t\t\t\t<div class=\"woocommerce-add-to-cart\">\n\t\t\t\t    \t<a href=\"https:\/\/www.graficasagullo.com\/en\/producto\/adhesivos-uv\/\" data-quantity=\"1\" class=\"button product_type_simple\" data-product_id=\"6292\" data-product_sku=\"\" aria-label=\"Read more about &ldquo;Adhesivos UV&rdquo;\" aria-describedby=\"\" rel=\"nofollow\">+ Info<\/a>\t\t\t\t\t<\/div>\n\t\t\t\t\t\t\t<\/div>\n\t\t<\/div>\n\t\t<div class=\"woocommerce-product-holder\">\n\t\t\t<div class=\"product-holder-left\">\n\t\t\t\t<div class=\"woocommerce-product-category\">\n\t\t\t\t\t<a href=\"https:\/\/www.graficasagullo.com\/en\/categoria-producto\/offset-uv\/\" rel=\"tag\">Offset UV<\/a>\t\t\t\t<\/div>\n\t\t\t\t<h3 class=\"woocommerce-product-title\">\n\t\t\t\t\t<a href=\"https:\/\/www.graficasagullo.com\/en\/producto\/adhesivos-uv\/\" >Adhesivos UV<\/a>\n\t\t\t\t<\/h3>\n\t\t\t<\/div>\n\t\t\t<div class=\"product-holder-right\">\n\t\t\t\t\n\t\t\t<\/div>\n\t\t<\/div>\n\t<\/div>\n<\/li>\n<li class=\"product type-product post-6125 status-publish instock product_cat-offset-uv has-post-thumbnail shipping-taxable product-type-simple\">\n\t\t<div class=\"woocommerce-product-inner\">\n\t\t<div class=\"woocommerce-product-header\">\n\t\t\t<a class=\"woocommerce-product-details\" href=\"https:\/\/www.graficasagullo.com\/en\/producto\/alfombrilla-raton\/\">\n\t\t\t\t<img width=\"300\" height=\"300\" src=\"https:\/\/www.graficasagullo.com\/wp-content\/uploads\/graficas-agullo-AlfombrillaRaton-300x300.jpg\" class=\"attachment-woocommerce_thumbnail size-woocommerce_thumbnail\" alt=\"\" decoding=\"async\" loading=\"lazy\" \/>\t\t\t<\/a>\n\t\t\t<div class=\"woocommerce-product-meta\">\n\t\t\t\t\t\t\t\t\t<div class=\"woocommerce-add-to-cart\">\n\t\t\t\t    \t<a href=\"https:\/\/www.graficasagullo.com\/en\/producto\/alfombrilla-raton\/\" data-quantity=\"1\" class=\"button product_type_simple\" data-product_id=\"6125\" data-product_sku=\"\" aria-label=\"Read more about &ldquo;Alfombrillas&rdquo;\" aria-describedby=\"\" rel=\"nofollow\">+ Info<\/a>\t\t\t\t\t<\/div>\n\t\t\t\t\t\t\t<\/div>\n\t\t<\/div>\n\t\t<div class=\"woocommerce-product-holder\">\n\t\t\t<div class=\"product-holder-left\">\n\t\t\t\t<div class=\"woocommerce-product-category\">\n\t\t\t\t\t<a href=\"https:\/\/www.graficasagullo.com\/en\/categoria-producto\/offset-uv\/\" rel=\"tag\">Offset UV<\/a>\t\t\t\t<\/div>\n\t\t\t\t<h3 class=\"woocommerce-product-title\">\n\t\t\t\t\t<a href=\"https:\/\/www.graficasagullo.com\/en\/producto\/alfombrilla-raton\/\" >Alfombrillas<\/a>\n\t\t\t\t<\/h3>\n\t\t\t<\/div>\n\t\t\t<div class=\"product-holder-right\">\n\t\t\t\t\n\t\t\t<\/div>\n\t\t<\/div>\n\t<\/div>\n<\/li>\n<li class=\"product type-product post-6128 status-publish last instock product_cat-offset-uv has-post-thumbnail shipping-taxable product-type-simple\">\n\t\t<div class=\"woocommerce-product-inner\">\n\t\t<div class=\"woocommerce-product-header\">\n\t\t\t<a class=\"woocommerce-product-details\" href=\"https:\/\/www.graficasagullo.com\/en\/producto\/imanes\/\">\n\t\t\t\t<img width=\"300\" height=\"300\" src=\"https:\/\/www.graficasagullo.com\/wp-content\/uploads\/graficas-agullo-Iman-300x300.jpg\" class=\"attachment-woocommerce_thumbnail size-woocommerce_thumbnail\" alt=\"\" decoding=\"async\" loading=\"lazy\" \/>\t\t\t<\/a>\n\t\t\t<div class=\"woocommerce-product-meta\">\n\t\t\t\t\t\t\t\t\t<div class=\"woocommerce-add-to-cart\">\n\t\t\t\t    \t<a href=\"https:\/\/www.graficasagullo.com\/en\/producto\/imanes\/\" data-quantity=\"1\" class=\"button product_type_simple\" data-product_id=\"6128\" data-product_sku=\"\" aria-label=\"Read more about &ldquo;Imanes&rdquo;\" aria-describedby=\"\" rel=\"nofollow\">+ Info<\/a>\t\t\t\t\t<\/div>\n\t\t\t\t\t\t\t<\/div>\n\t\t<\/div>\n\t\t<div class=\"woocommerce-product-holder\">\n\t\t\t<div class=\"product-holder-left\">\n\t\t\t\t<div class=\"woocommerce-product-category\">\n\t\t\t\t\t<a href=\"https:\/\/www.graficasagullo.com\/en\/categoria-producto\/offset-uv\/\" rel=\"tag\">Offset UV<\/a>\t\t\t\t<\/div>\n\t\t\t\t<h3 class=\"woocommerce-product-title\">\n\t\t\t\t\t<a href=\"https:\/\/www.graficasagullo.com\/en\/producto\/imanes\/\" >Imanes<\/a>\n\t\t\t\t<\/h3>\n\t\t\t<\/div>\n\t\t\t<div class=\"product-holder-right\">\n\t\t\t\t\n\t\t\t<\/div>\n\t\t<\/div>\n\t<\/div>\n<\/li>\n<li class=\"product type-product post-6299 status-publish first instock product_cat-offset-uv has-post-thumbnail shipping-taxable product-type-simple\">\n\t\t<div class=\"woocommerce-product-inner\">\n\t\t<div class=\"woocommerce-product-header\">\n\t\t\t<a class=\"woocommerce-product-details\" href=\"https:\/\/www.graficasagullo.com\/en\/producto\/lineales-supermercado-uv\/\">\n\t\t\t\t<img width=\"300\" height=\"300\" src=\"https:\/\/www.graficasagullo.com\/wp-content\/uploads\/graficas-agullo-lineal-supermercado-300x300.jpg\" class=\"attachment-woocommerce_thumbnail size-woocommerce_thumbnail\" alt=\"\" decoding=\"async\" loading=\"lazy\" \/>\t\t\t<\/a>\n\t\t\t<div class=\"woocommerce-product-meta\">\n\t\t\t\t\t\t\t\t\t<div class=\"woocommerce-add-to-cart\">\n\t\t\t\t    \t<a href=\"https:\/\/www.graficasagullo.com\/en\/producto\/lineales-supermercado-uv\/\" data-quantity=\"1\" class=\"button product_type_simple\" data-product_id=\"6299\" data-product_sku=\"\" aria-label=\"Read more about &ldquo;Lineales Supermercado UV&rdquo;\" aria-describedby=\"\" rel=\"nofollow\">+ Info<\/a>\t\t\t\t\t<\/div>\n\t\t\t\t\t\t\t<\/div>\n\t\t<\/div>\n\t\t<div class=\"woocommerce-product-holder\">\n\t\t\t<div class=\"product-holder-left\">\n\t\t\t\t<div class=\"woocommerce-product-category\">\n\t\t\t\t\t<a href=\"https:\/\/www.graficasagullo.com\/en\/categoria-producto\/offset-uv\/\" rel=\"tag\">Offset UV<\/a>\t\t\t\t<\/div>\n\t\t\t\t<h3 class=\"woocommerce-product-title\">\n\t\t\t\t\t<a href=\"https:\/\/www.graficasagullo.com\/en\/producto\/lineales-supermercado-uv\/\" >Lineales Supermercado UV<\/a>\n\t\t\t\t<\/h3>\n\t\t\t<\/div>\n\t\t\t<div class=\"product-holder-right\">\n\t\t\t\t\n\t\t\t<\/div>\n\t\t<\/div>\n\t<\/div>\n<\/li>\n<li class=\"product type-product post-6132 status-publish instock product_cat-offset-uv has-post-thumbnail shipping-taxable product-type-simple\">\n\t\t<div class=\"woocommerce-product-inner\">\n\t\t<div class=\"woocommerce-product-header\">\n\t\t\t<a class=\"woocommerce-product-details\" href=\"https:\/\/www.graficasagullo.com\/en\/producto\/maletines\/\">\n\t\t\t\t<img width=\"300\" height=\"300\" src=\"https:\/\/www.graficasagullo.com\/wp-content\/uploads\/graficas-agullo-Maletin-300x300.jpg\" class=\"attachment-woocommerce_thumbnail size-woocommerce_thumbnail\" alt=\"\" decoding=\"async\" loading=\"lazy\" \/>\t\t\t<\/a>\n\t\t\t<div class=\"woocommerce-product-meta\">\n\t\t\t\t\t\t\t\t\t<div class=\"woocommerce-add-to-cart\">\n\t\t\t\t    \t<a href=\"https:\/\/www.graficasagullo.com\/en\/producto\/maletines\/\" data-quantity=\"1\" class=\"button product_type_simple\" data-product_id=\"6132\" data-product_sku=\"\" aria-label=\"Read more about &ldquo;Maletines&rdquo;\" aria-describedby=\"\" rel=\"nofollow\">+ Info<\/a>\t\t\t\t\t<\/div>\n\t\t\t\t\t\t\t<\/div>\n\t\t<\/div>\n\t\t<div class=\"woocommerce-product-holder\">\n\t\t\t<div class=\"product-holder-left\">\n\t\t\t\t<div class=\"woocommerce-product-category\">\n\t\t\t\t\t<a href=\"https:\/\/www.graficasagullo.com\/en\/categoria-producto\/offset-uv\/\" rel=\"tag\">Offset UV<\/a>\t\t\t\t<\/div>\n\t\t\t\t<h3 class=\"woocommerce-product-title\">\n\t\t\t\t\t<a href=\"https:\/\/www.graficasagullo.com\/en\/producto\/maletines\/\" >Maletines<\/a>\n\t\t\t\t<\/h3>\n\t\t\t<\/div>\n\t\t\t<div class=\"product-holder-right\">\n\t\t\t\t\n\t\t\t<\/div>\n\t\t<\/div>\n\t<\/div>\n<\/li>\n<li class=\"product type-product post-5453 status-publish last instock product_cat-offset-uv has-post-thumbnail shipping-taxable product-type-simple\">\n\t\t<div class=\"woocommerce-product-inner\">\n\t\t<div class=\"woocommerce-product-header\">\n\t\t\t<a class=\"woocommerce-product-details\" href=\"https:\/\/www.graficasagullo.com\/en\/producto\/paneles-outdoor\/\">\n\t\t\t\t<img width=\"300\" height=\"300\" src=\"https:\/\/www.graficasagullo.com\/wp-content\/uploads\/graficas-agullo-signboard-300x300.jpg\" class=\"attachment-woocommerce_thumbnail size-woocommerce_thumbnail\" alt=\"\" decoding=\"async\" loading=\"lazy\" \/>\t\t\t<\/a>\n\t\t\t<div class=\"woocommerce-product-meta\">\n\t\t\t\t\t\t\t\t\t<div class=\"woocommerce-add-to-cart\">\n\t\t\t\t    \t<a href=\"https:\/\/www.graficasagullo.com\/en\/producto\/paneles-outdoor\/\" data-quantity=\"1\" class=\"button product_type_simple\" data-product_id=\"5453\" data-product_sku=\"\" aria-label=\"Read more about &ldquo;Paneles Outdoor&rdquo;\" aria-describedby=\"\" rel=\"nofollow\">+ Info<\/a>\t\t\t\t\t<\/div>\n\t\t\t\t\t\t\t<\/div>\n\t\t<\/div>\n\t\t<div class=\"woocommerce-product-holder\">\n\t\t\t<div class=\"product-holder-left\">\n\t\t\t\t<div class=\"woocommerce-product-category\">\n\t\t\t\t\t<a href=\"https:\/\/www.graficasagullo.com\/en\/categoria-producto\/offset-uv\/\" rel=\"tag\">Offset UV<\/a>\t\t\t\t<\/div>\n\t\t\t\t<h3 class=\"woocommerce-product-title\">\n\t\t\t\t\t<a href=\"https:\/\/www.graficasagullo.com\/en\/producto\/paneles-outdoor\/\" >Paneles Outdoor<\/a>\n\t\t\t\t<\/h3>\n\t\t\t<\/div>\n\t\t\t<div class=\"product-holder-right\">\n\t\t\t\t\n\t\t\t<\/div>\n\t\t<\/div>\n\t<\/div>\n<\/li>\n<li class=\"product type-product post-6135 status-publish first instock product_cat-offset-uv has-post-thumbnail shipping-taxable product-type-simple\">\n\t\t<div class=\"woocommerce-product-inner\">\n\t\t<div class=\"woocommerce-product-header\">\n\t\t\t<a class=\"woocommerce-product-details\" href=\"https:\/\/www.graficasagullo.com\/en\/producto\/pizarras-magneticas\/\">\n\t\t\t\t<img width=\"300\" height=\"300\" src=\"https:\/\/www.graficasagullo.com\/wp-content\/uploads\/graficas-agullo-PizarraMagnetica-300x300.jpg\" class=\"attachment-woocommerce_thumbnail size-woocommerce_thumbnail\" alt=\"\" decoding=\"async\" loading=\"lazy\" \/>\t\t\t<\/a>\n\t\t\t<div class=\"woocommerce-product-meta\">\n\t\t\t\t\t\t\t\t\t<div class=\"woocommerce-add-to-cart\">\n\t\t\t\t    \t<a href=\"https:\/\/www.graficasagullo.com\/en\/producto\/pizarras-magneticas\/\" data-quantity=\"1\" class=\"button product_type_simple\" data-product_id=\"6135\" data-product_sku=\"\" aria-label=\"Read more about &ldquo;Pizarras M\u00e1gneticas&rdquo;\" aria-describedby=\"\" rel=\"nofollow\">+ Info<\/a>\t\t\t\t\t<\/div>\n\t\t\t\t\t\t\t<\/div>\n\t\t<\/div>\n\t\t<div class=\"woocommerce-product-holder\">\n\t\t\t<div class=\"product-holder-left\">\n\t\t\t\t<div class=\"woocommerce-product-category\">\n\t\t\t\t\t<a href=\"https:\/\/www.graficasagullo.com\/en\/categoria-producto\/offset-uv\/\" rel=\"tag\">Offset UV<\/a>\t\t\t\t<\/div>\n\t\t\t\t<h3 class=\"woocommerce-product-title\">\n\t\t\t\t\t<a href=\"https:\/\/www.graficasagullo.com\/en\/producto\/pizarras-magneticas\/\" >Pizarras M\u00e1gneticas<\/a>\n\t\t\t\t<\/h3>\n\t\t\t<\/div>\n\t\t\t<div class=\"product-holder-right\">\n\t\t\t\t\n\t\t\t<\/div>\n\t\t<\/div>\n\t<\/div>\n<\/li>\n<li class=\"product type-product post-6138 status-publish instock product_cat-offset-uv has-post-thumbnail shipping-taxable product-type-simple\">\n\t\t<div class=\"woocommerce-product-inner\">\n\t\t<div class=\"woocommerce-product-header\">\n\t\t\t<a class=\"woocommerce-product-details\" href=\"https:\/\/www.graficasagullo.com\/en\/producto\/portafotos\/\">\n\t\t\t\t<img width=\"300\" height=\"300\" src=\"https:\/\/www.graficasagullo.com\/wp-content\/uploads\/graficas-agullo-Portafotos-300x300.jpg\" class=\"attachment-woocommerce_thumbnail size-woocommerce_thumbnail\" alt=\"\" decoding=\"async\" loading=\"lazy\" \/>\t\t\t<\/a>\n\t\t\t<div class=\"woocommerce-product-meta\">\n\t\t\t\t\t\t\t\t\t<div class=\"woocommerce-add-to-cart\">\n\t\t\t\t    \t<a href=\"https:\/\/www.graficasagullo.com\/en\/producto\/portafotos\/\" data-quantity=\"1\" class=\"button product_type_simple\" data-product_id=\"6138\" data-product_sku=\"\" aria-label=\"Read more about &ldquo;Portafotos&rdquo;\" aria-describedby=\"\" rel=\"nofollow\">+ Info<\/a>\t\t\t\t\t<\/div>\n\t\t\t\t\t\t\t<\/div>\n\t\t<\/div>\n\t\t<div class=\"woocommerce-product-holder\">\n\t\t\t<div class=\"product-holder-left\">\n\t\t\t\t<div class=\"woocommerce-product-category\">\n\t\t\t\t\t<a href=\"https:\/\/www.graficasagullo.com\/en\/categoria-producto\/offset-uv\/\" rel=\"tag\">Offset UV<\/a>\t\t\t\t<\/div>\n\t\t\t\t<h3 class=\"woocommerce-product-title\">\n\t\t\t\t\t<a href=\"https:\/\/www.graficasagullo.com\/en\/producto\/portafotos\/\" >Portafotos<\/a>\n\t\t\t\t<\/h3>\n\t\t\t<\/div>\n\t\t\t<div class=\"product-holder-right\">\n\t\t\t\t\n\t\t\t<\/div>\n\t\t<\/div>\n\t<\/div>\n<\/li>\n<li class=\"product type-product post-6141 status-publish last instock product_cat-offset-uv has-post-thumbnail shipping-taxable product-type-simple\">\n\t\t<div class=\"woocommerce-product-inner\">\n\t\t<div class=\"woocommerce-product-header\">\n\t\t\t<a class=\"woocommerce-product-details\" href=\"https:\/\/www.graficasagullo.com\/en\/producto\/posavasos-2\/\">\n\t\t\t\t<img width=\"300\" height=\"300\" src=\"https:\/\/www.graficasagullo.com\/wp-content\/uploads\/graficas-agullo-Posavasos-1-300x300.jpg\" class=\"attachment-woocommerce_thumbnail size-woocommerce_thumbnail\" alt=\"\" decoding=\"async\" loading=\"lazy\" \/>\t\t\t<\/a>\n\t\t\t<div class=\"woocommerce-product-meta\">\n\t\t\t\t\t\t\t\t\t<div class=\"woocommerce-add-to-cart\">\n\t\t\t\t    \t<a href=\"https:\/\/www.graficasagullo.com\/en\/producto\/posavasos-2\/\" data-quantity=\"1\" class=\"button product_type_simple\" data-product_id=\"6141\" data-product_sku=\"\" aria-label=\"Read more about &ldquo;Posavasos&rdquo;\" aria-describedby=\"\" rel=\"nofollow\">+ Info<\/a>\t\t\t\t\t<\/div>\n\t\t\t\t\t\t\t<\/div>\n\t\t<\/div>\n\t\t<div class=\"woocommerce-product-holder\">\n\t\t\t<div class=\"product-holder-left\">\n\t\t\t\t<div class=\"woocommerce-product-category\">\n\t\t\t\t\t<a href=\"https:\/\/www.graficasagullo.com\/en\/categoria-producto\/offset-uv\/\" rel=\"tag\">Offset UV<\/a>\t\t\t\t<\/div>\n\t\t\t\t<h3 class=\"woocommerce-product-title\">\n\t\t\t\t\t<a href=\"https:\/\/www.graficasagullo.com\/en\/producto\/posavasos-2\/\" >Posavasos<\/a>\n\t\t\t\t<\/h3>\n\t\t\t<\/div>\n\t\t\t<div class=\"product-holder-right\">\n\t\t\t\t\n\t\t\t<\/div>\n\t\t<\/div>\n\t<\/div>\n<\/li>\n<li class=\"product type-product post-6144 status-publish first instock product_cat-offset-uv has-post-thumbnail shipping-taxable product-type-simple\">\n\t\t<div class=\"woocommerce-product-inner\">\n\t\t<div class=\"woocommerce-product-header\">\n\t\t\t<a class=\"woocommerce-product-details\" href=\"https:\/\/www.graficasagullo.com\/en\/producto\/reglas\/\">\n\t\t\t\t<img width=\"300\" height=\"300\" src=\"https:\/\/www.graficasagullo.com\/wp-content\/uploads\/graficas-agullo-Regla-300x300.jpg\" class=\"attachment-woocommerce_thumbnail size-woocommerce_thumbnail\" alt=\"\" decoding=\"async\" loading=\"lazy\" \/>\t\t\t<\/a>\n\t\t\t<div class=\"woocommerce-product-meta\">\n\t\t\t\t\t\t\t\t\t<div class=\"woocommerce-add-to-cart\">\n\t\t\t\t    \t<a href=\"https:\/\/www.graficasagullo.com\/en\/producto\/reglas\/\" data-quantity=\"1\" class=\"button product_type_simple\" data-product_id=\"6144\" data-product_sku=\"\" aria-label=\"Read more about &ldquo;Reglas&rdquo;\" aria-describedby=\"\" rel=\"nofollow\">+ Info<\/a>\t\t\t\t\t<\/div>\n\t\t\t\t\t\t\t<\/div>\n\t\t<\/div>\n\t\t<div class=\"woocommerce-product-holder\">\n\t\t\t<div class=\"product-holder-left\">\n\t\t\t\t<div class=\"woocommerce-product-category\">\n\t\t\t\t\t<a href=\"https:\/\/www.graficasagullo.com\/en\/categoria-producto\/offset-uv\/\" rel=\"tag\">Offset UV<\/a>\t\t\t\t<\/div>\n\t\t\t\t<h3 class=\"woocommerce-product-title\">\n\t\t\t\t\t<a href=\"https:\/\/www.graficasagullo.com\/en\/producto\/reglas\/\" >Reglas<\/a>\n\t\t\t\t<\/h3>\n\t\t\t<\/div>\n\t\t\t<div class=\"product-holder-right\">\n\t\t\t\t\n\t\t\t<\/div>\n\t\t<\/div>\n\t<\/div>\n<\/li>\n<li class=\"product type-product post-6147 status-publish instock product_cat-offset-uv has-post-thumbnail shipping-taxable product-type-simple\">\n\t\t<div class=\"woocommerce-product-inner\">\n\t\t<div class=\"woocommerce-product-header\">\n\t\t\t<a class=\"woocommerce-product-details\" href=\"https:\/\/www.graficasagullo.com\/en\/producto\/salvamanteles\/\">\n\t\t\t\t<img width=\"300\" height=\"300\" src=\"https:\/\/www.graficasagullo.com\/wp-content\/uploads\/graficas-agullo-Salvamantel-300x300.jpg\" class=\"attachment-woocommerce_thumbnail size-woocommerce_thumbnail\" alt=\"\" decoding=\"async\" loading=\"lazy\" \/>\t\t\t<\/a>\n\t\t\t<div class=\"woocommerce-product-meta\">\n\t\t\t\t\t\t\t\t\t<div class=\"woocommerce-add-to-cart\">\n\t\t\t\t    \t<a href=\"https:\/\/www.graficasagullo.com\/en\/producto\/salvamanteles\/\" data-quantity=\"1\" class=\"button product_type_simple\" data-product_id=\"6147\" data-product_sku=\"\" aria-label=\"Read more about &ldquo;Salvamanteles&rdquo;\" aria-describedby=\"\" rel=\"nofollow\">+ Info<\/a>\t\t\t\t\t<\/div>\n\t\t\t\t\t\t\t<\/div>\n\t\t<\/div>\n\t\t<div class=\"woocommerce-product-holder\">\n\t\t\t<div class=\"product-holder-left\">\n\t\t\t\t<div class=\"woocommerce-product-category\">\n\t\t\t\t\t<a href=\"https:\/\/www.graficasagullo.com\/en\/categoria-producto\/offset-uv\/\" rel=\"tag\">Offset UV<\/a>\t\t\t\t<\/div>\n\t\t\t\t<h3 class=\"woocommerce-product-title\">\n\t\t\t\t\t<a href=\"https:\/\/www.graficasagullo.com\/en\/producto\/salvamanteles\/\" >Salvamanteles<\/a>\n\t\t\t\t<\/h3>\n\t\t\t<\/div>\n\t\t\t<div class=\"product-holder-right\">\n\t\t\t\t\n\t\t\t<\/div>\n\t\t<\/div>\n\t<\/div>\n<\/li>\n<li class=\"product type-product post-5456 status-publish last instock product_cat-offset-uv has-post-thumbnail shipping-taxable product-type-simple\">\n\t\t<div class=\"woocommerce-product-inner\">\n\t\t<div class=\"woocommerce-product-header\">\n\t\t\t<a class=\"woocommerce-product-details\" href=\"https:\/\/www.graficasagullo.com\/en\/producto\/senaletica\/\">\n\t\t\t\t<img width=\"300\" height=\"300\" src=\"https:\/\/www.graficasagullo.com\/wp-content\/uploads\/graficas-agullo-SENALETICA-300x300.jpg\" class=\"attachment-woocommerce_thumbnail size-woocommerce_thumbnail\" alt=\"\" decoding=\"async\" loading=\"lazy\" \/>\t\t\t<\/a>\n\t\t\t<div class=\"woocommerce-product-meta\">\n\t\t\t\t\t\t\t\t\t<div class=\"woocommerce-add-to-cart\">\n\t\t\t\t    \t<a href=\"https:\/\/www.graficasagullo.com\/en\/producto\/senaletica\/\" data-quantity=\"1\" class=\"button product_type_simple\" data-product_id=\"5456\" data-product_sku=\"\" aria-label=\"Read more about &ldquo;Se\u00f1al\u00e9tica&rdquo;\" aria-describedby=\"\" rel=\"nofollow\">+ Info<\/a>\t\t\t\t\t<\/div>\n\t\t\t\t\t\t\t<\/div>\n\t\t<\/div>\n\t\t<div class=\"woocommerce-product-holder\">\n\t\t\t<div class=\"product-holder-left\">\n\t\t\t\t<div class=\"woocommerce-product-category\">\n\t\t\t\t\t<a href=\"https:\/\/www.graficasagullo.com\/en\/categoria-producto\/offset-uv\/\" rel=\"tag\">Offset UV<\/a>\t\t\t\t<\/div>\n\t\t\t\t<h3 class=\"woocommerce-product-title\">\n\t\t\t\t\t<a href=\"https:\/\/www.graficasagullo.com\/en\/producto\/senaletica\/\" >Se\u00f1al\u00e9tica<\/a>\n\t\t\t\t<\/h3>\n\t\t\t<\/div>\n\t\t\t<div class=\"product-holder-right\">\n\t\t\t\t\n\t\t\t<\/div>\n\t\t<\/div>\n\t<\/div>\n<\/li>\n<\/ul>\n<\/div>[\/vc_column][\/vc_row][vc_row][vc_column width=&#8221;1\/3&#8243; el_id=&#8221;textoForm&#8221;][vc_column_text]<\/p>\n<h2 style=\"color: #fc3465;\"><strong>Do you need<br \/>\na quote?<br \/>\n<\/strong><\/h2>\n<p style=\"font-size: 24px;\">Send us a message<br \/>\nusing the form<br \/>\nform on the side, or send us<br \/>\nan email.<\/p>\n<p style=\"color: #fc3465; font-size: 14px;\">industria@graficasagullo.com<\/p>\n<p>[\/vc_column_text][\/vc_column][vc_column width=&#8221;2\/3&#8243;][ct_contact_form id=&#8221;5927&#8243; form_style=&#8221;style-dark&#8221;][\/vc_column][\/vc_row]<\/p>\n<\/section>","protected":false},"excerpt":{"rendered":"<p>[vc_row][vc_column][vc_column_text text_align=&#8221;text-center&#8221;]The UV technique is used to print on any material. The process is the same as traditional printing, the only difference is the inks used and the drying process. UV inks are dried through a photomechanical process. The inks are exposed to ultraviolet light when printed. It is a process that allows you to [&hellip;]<\/p>\n","protected":false},"author":2,"featured_media":0,"parent":0,"menu_order":0,"comment_status":"closed","ping_status":"closed","template":"","meta":{"footnotes":""},"acf":[],"yoast_head":"<!-- This site is optimized with the Yoast SEO plugin v21.6 - https:\/\/yoast.com\/wordpress\/plugins\/seo\/ -->\n<title>Gr\u00e1ficas Agull\u00f3 - Impresi\u00f3n<\/title>\n<meta name=\"robots\" content=\"index, follow, max-snippet:-1, max-image-preview:large, max-video-preview:-1\" \/>\n<link rel=\"canonical\" href=\"https:\/\/www.graficasagullo.com\/en\/offset-uv-std\/\" \/>\n<meta name=\"twitter:label1\" content=\"Est. reading time\" \/>\n\t<meta name=\"twitter:data1\" content=\"1 minute\" \/>\n<script type=\"application\/ld+json\" class=\"yoast-schema-graph\">{\"@context\":\"https:\/\/schema.org\",\"@graph\":[{\"@type\":\"WebPage\",\"@id\":\"https:\/\/www.graficasagullo.com\/en\/offset-uv-std\/\",\"url\":\"https:\/\/www.graficasagullo.com\/en\/offset-uv-std\/\",\"name\":\"Gr\u00e1ficas Agull\u00f3 - Impresi\u00f3n\",\"isPartOf\":{\"@id\":\"https:\/\/www.graficasagullo.com\/#website\"},\"datePublished\":\"2022-10-24T08:47:38+00:00\",\"dateModified\":\"2022-10-24T08:47:38+00:00\",\"breadcrumb\":{\"@id\":\"https:\/\/www.graficasagullo.com\/en\/offset-uv-std\/#breadcrumb\"},\"inLanguage\":\"en-US\",\"potentialAction\":[{\"@type\":\"ReadAction\",\"target\":[\"https:\/\/www.graficasagullo.com\/en\/offset-uv-std\/\"]}]},{\"@type\":\"BreadcrumbList\",\"@id\":\"https:\/\/www.graficasagullo.com\/en\/offset-uv-std\/#breadcrumb\",\"itemListElement\":[{\"@type\":\"ListItem\",\"position\":1,\"name\":\"Portada\",\"item\":\"https:\/\/www.graficasagullo.com\/en\/\"},{\"@type\":\"ListItem\",\"position\":2,\"name\":\"Offset UV\"}]},{\"@type\":\"WebSite\",\"@id\":\"https:\/\/www.graficasagullo.com\/#website\",\"url\":\"https:\/\/www.graficasagullo.com\/\",\"name\":\"Gr\u00e1ficas Agull\u00f3\",\"description\":\"Tu dise\u00f1o, nuestra ilusi\u00f3n. El acabado marca la diferencia\",\"potentialAction\":[{\"@type\":\"SearchAction\",\"target\":{\"@type\":\"EntryPoint\",\"urlTemplate\":\"https:\/\/www.graficasagullo.com\/?s={search_term_string}\"},\"query-input\":\"required name=search_term_string\"}],\"inLanguage\":\"en-US\"}]}<\/script>\n<!-- \/ Yoast SEO plugin. -->","yoast_head_json":{"title":"Gr\u00e1ficas Agull\u00f3 - Impresi\u00f3n","robots":{"index":"index","follow":"follow","max-snippet":"max-snippet:-1","max-image-preview":"max-image-preview:large","max-video-preview":"max-video-preview:-1"},"canonical":"https:\/\/www.graficasagullo.com\/en\/offset-uv-std\/","twitter_misc":{"Est. reading time":"1 minute"},"schema":{"@context":"https:\/\/schema.org","@graph":[{"@type":"WebPage","@id":"https:\/\/www.graficasagullo.com\/en\/offset-uv-std\/","url":"https:\/\/www.graficasagullo.com\/en\/offset-uv-std\/","name":"Gr\u00e1ficas Agull\u00f3 - Impresi\u00f3n","isPartOf":{"@id":"https:\/\/www.graficasagullo.com\/#website"},"datePublished":"2022-10-24T08:47:38+00:00","dateModified":"2022-10-24T08:47:38+00:00","breadcrumb":{"@id":"https:\/\/www.graficasagullo.com\/en\/offset-uv-std\/#breadcrumb"},"inLanguage":"en-US","potentialAction":[{"@type":"ReadAction","target":["https:\/\/www.graficasagullo.com\/en\/offset-uv-std\/"]}]},{"@type":"BreadcrumbList","@id":"https:\/\/www.graficasagullo.com\/en\/offset-uv-std\/#breadcrumb","itemListElement":[{"@type":"ListItem","position":1,"name":"Portada","item":"https:\/\/www.graficasagullo.com\/en\/"},{"@type":"ListItem","position":2,"name":"Offset UV"}]},{"@type":"WebSite","@id":"https:\/\/www.graficasagullo.com\/#website","url":"https:\/\/www.graficasagullo.com\/","name":"Gr\u00e1ficas Agull\u00f3","description":"Tu dise\u00f1o, nuestra ilusi\u00f3n. El acabado marca la diferencia","potentialAction":[{"@type":"SearchAction","target":{"@type":"EntryPoint","urlTemplate":"https:\/\/www.graficasagullo.com\/?s={search_term_string}"},"query-input":"required name=search_term_string"}],"inLanguage":"en-US"}]}},"_links":{"self":[{"href":"https:\/\/www.graficasagullo.com\/en\/wp-json\/wp\/v2\/pages\/5949"}],"collection":[{"href":"https:\/\/www.graficasagullo.com\/en\/wp-json\/wp\/v2\/pages"}],"about":[{"href":"https:\/\/www.graficasagullo.com\/en\/wp-json\/wp\/v2\/types\/page"}],"author":[{"embeddable":true,"href":"https:\/\/www.graficasagullo.com\/en\/wp-json\/wp\/v2\/users\/2"}],"replies":[{"embeddable":true,"href":"https:\/\/www.graficasagullo.com\/en\/wp-json\/wp\/v2\/comments?post=5949"}],"version-history":[{"count":0,"href":"https:\/\/www.graficasagullo.com\/en\/wp-json\/wp\/v2\/pages\/5949\/revisions"}],"wp:attachment":[{"href":"https:\/\/www.graficasagullo.com\/en\/wp-json\/wp\/v2\/media?parent=5949"}],"curies":[{"name":"wp","href":"https:\/\/api.w.org\/{rel}","templated":true}]}}