{"id":5453,"date":"2022-10-14T10:02:15","date_gmt":"2022-10-14T10:02:15","guid":{"rendered":"https:\/\/www.graficasagullo.com\/?post_type=product&#038;p=5453"},"modified":"2022-11-10T08:24:40","modified_gmt":"2022-11-10T08:24:40","slug":"paneles-outdoor","status":"publish","type":"product","link":"https:\/\/www.graficasagullo.com\/en\/producto\/paneles-outdoor\/","title":{"rendered":"Paneles Outdoor"},"content":{"rendered":"","protected":false},"excerpt":{"rendered":"<p>Si necesitas letreros para tu negocio, en Gr\u00e1ficas Agull\u00f3 te ofrecemos un producto de la mejor calidad gracias a nuestra especializaci\u00f3n en la impresi\u00f3n UV. Te ofrecemos un gran acabado para que resalte tu letrero al m\u00e1ximo.<\/p>\n","protected":false},"featured_media":6094,"comment_status":"open","ping_status":"closed","template":"","meta":[],"product_cat":[235],"product_tag":[],"acf":[],"yoast_head":"<!-- This site is optimized with the Yoast SEO plugin v21.6 - https:\/\/yoast.com\/wordpress\/plugins\/seo\/ -->\n<title>Paneles Outdoor - Gr\u00e1ficas Agull\u00f3<\/title>\n<meta name=\"robots\" content=\"index, follow, max-snippet:-1, max-image-preview:large, max-video-preview:-1\" \/>\n<link rel=\"canonical\" href=\"https:\/\/www.graficasagullo.com\/producto\/paneles-outdoor\/\" \/>\n<script type=\"application\/ld+json\" class=\"yoast-schema-graph\">{\"@context\":\"https:\/\/schema.org\",\"@graph\":[{\"@type\":\"WebPage\",\"@id\":\"https:\/\/www.graficasagullo.com\/producto\/paneles-outdoor\/\",\"url\":\"https:\/\/www.graficasagullo.com\/producto\/paneles-outdoor\/\",\"name\":\"Paneles Outdoor - Gr\u00e1ficas Agull\u00f3\",\"isPartOf\":{\"@id\":\"https:\/\/www.graficasagullo.com\/#website\"},\"datePublished\":\"2022-10-14T10:02:15+00:00\",\"dateModified\":\"2022-11-10T08:24:40+00:00\",\"breadcrumb\":{\"@id\":\"https:\/\/www.graficasagullo.com\/producto\/paneles-outdoor\/#breadcrumb\"},\"inLanguage\":\"en-US\",\"potentialAction\":[{\"@type\":\"ReadAction\",\"target\":[\"https:\/\/www.graficasagullo.com\/producto\/paneles-outdoor\/\"]}]},{\"@type\":\"BreadcrumbList\",\"@id\":\"https:\/\/www.graficasagullo.com\/producto\/paneles-outdoor\/#breadcrumb\",\"itemListElement\":[{\"@type\":\"ListItem\",\"position\":1,\"name\":\"Portada\",\"item\":\"https:\/\/www.graficasagullo.com\/en\/\"},{\"@type\":\"ListItem\",\"position\":2,\"name\":\"Tienda\",\"item\":\"https:\/\/www.graficasagullo.com\/tienda\/\"},{\"@type\":\"ListItem\",\"position\":3,\"name\":\"Paneles Outdoor\"}]},{\"@type\":\"WebSite\",\"@id\":\"https:\/\/www.graficasagullo.com\/#website\",\"url\":\"https:\/\/www.graficasagullo.com\/\",\"name\":\"Gr\u00e1ficas Agull\u00f3\",\"description\":\"Tu dise\u00f1o, nuestra ilusi\u00f3n. El acabado marca la diferencia\",\"potentialAction\":[{\"@type\":\"SearchAction\",\"target\":{\"@type\":\"EntryPoint\",\"urlTemplate\":\"https:\/\/www.graficasagullo.com\/?s={search_term_string}\"},\"query-input\":\"required name=search_term_string\"}],\"inLanguage\":\"en-US\"}]}<\/script>\n<!-- \/ Yoast SEO plugin. -->","yoast_head_json":{"title":"Paneles Outdoor - Gr\u00e1ficas Agull\u00f3","robots":{"index":"index","follow":"follow","max-snippet":"max-snippet:-1","max-image-preview":"max-image-preview:large","max-video-preview":"max-video-preview:-1"},"canonical":"https:\/\/www.graficasagullo.com\/producto\/paneles-outdoor\/","schema":{"@context":"https:\/\/schema.org","@graph":[{"@type":"WebPage","@id":"https:\/\/www.graficasagullo.com\/producto\/paneles-outdoor\/","url":"https:\/\/www.graficasagullo.com\/producto\/paneles-outdoor\/","name":"Paneles Outdoor - Gr\u00e1ficas Agull\u00f3","isPartOf":{"@id":"https:\/\/www.graficasagullo.com\/#website"},"datePublished":"2022-10-14T10:02:15+00:00","dateModified":"2022-11-10T08:24:40+00:00","breadcrumb":{"@id":"https:\/\/www.graficasagullo.com\/producto\/paneles-outdoor\/#breadcrumb"},"inLanguage":"en-US","potentialAction":[{"@type":"ReadAction","target":["https:\/\/www.graficasagullo.com\/producto\/paneles-outdoor\/"]}]},{"@type":"BreadcrumbList","@id":"https:\/\/www.graficasagullo.com\/producto\/paneles-outdoor\/#breadcrumb","itemListElement":[{"@type":"ListItem","position":1,"name":"Portada","item":"https:\/\/www.graficasagullo.com\/en\/"},{"@type":"ListItem","position":2,"name":"Tienda","item":"https:\/\/www.graficasagullo.com\/tienda\/"},{"@type":"ListItem","position":3,"name":"Paneles Outdoor"}]},{"@type":"WebSite","@id":"https:\/\/www.graficasagullo.com\/#website","url":"https:\/\/www.graficasagullo.com\/","name":"Gr\u00e1ficas Agull\u00f3","description":"Tu dise\u00f1o, nuestra ilusi\u00f3n. El acabado marca la diferencia","potentialAction":[{"@type":"SearchAction","target":{"@type":"EntryPoint","urlTemplate":"https:\/\/www.graficasagullo.com\/?s={search_term_string}"},"query-input":"required name=search_term_string"}],"inLanguage":"en-US"}]}},"_links":{"self":[{"href":"https:\/\/www.graficasagullo.com\/en\/wp-json\/wp\/v2\/product\/5453"}],"collection":[{"href":"https:\/\/www.graficasagullo.com\/en\/wp-json\/wp\/v2\/product"}],"about":[{"href":"https:\/\/www.graficasagullo.com\/en\/wp-json\/wp\/v2\/types\/product"}],"replies":[{"embeddable":true,"href":"https:\/\/www.graficasagullo.com\/en\/wp-json\/wp\/v2\/comments?post=5453"}],"wp:featuredmedia":[{"embeddable":true,"href":"https:\/\/www.graficasagullo.com\/en\/wp-json\/wp\/v2\/media\/6094"}],"wp:attachment":[{"href":"https:\/\/www.graficasagullo.com\/en\/wp-json\/wp\/v2\/media?parent=5453"}],"wp:term":[{"taxonomy":"product_cat","embeddable":true,"href":"https:\/\/www.graficasagullo.com\/en\/wp-json\/wp\/v2\/product_cat?post=5453"},{"taxonomy":"product_tag","embeddable":true,"href":"https:\/\/www.graficasagullo.com\/en\/wp-json\/wp\/v2\/product_tag?post=5453"}],"curies":[{"name":"wp","href":"https:\/\/api.w.org\/{rel}","templated":true}]}}