{"id":6299,"date":"2022-11-09T15:14:39","date_gmt":"2022-11-09T15:14:39","guid":{"rendered":"https:\/\/www.graficasagullo.com\/?post_type=product&#038;p=6299"},"modified":"2022-11-10T10:54:21","modified_gmt":"2022-11-10T10:54:21","slug":"lineales-supermercado-uv","status":"publish","type":"product","link":"https:\/\/www.graficasagullo.com\/en\/producto\/lineales-supermercado-uv\/","title":{"rendered":"Lineales Supermercado UV"},"content":{"rendered":"","protected":false},"excerpt":{"rendered":"<p>Los lineales de supermercado son la mejor opci\u00f3n para distribuir tus productos. En Gr\u00e1ficas Agull\u00f3 empleamos lo \u00faltimo en tecnolog\u00eda de impresi\u00f3n Offset UV ofreciendo unos acabados de la mejor calidad. Si necesitas soluciones para este tipo de productos contacta con nosotros sin compromiso.<\/p>\n","protected":false},"featured_media":6297,"comment_status":"open","ping_status":"closed","template":"","meta":[],"product_cat":[235],"product_tag":[],"acf":[],"yoast_head":"<!-- This site is optimized with the Yoast SEO plugin v21.6 - https:\/\/yoast.com\/wordpress\/plugins\/seo\/ -->\n<title>Lineales Supermercado UV - Gr\u00e1ficas Agull\u00f3<\/title>\n<meta name=\"robots\" content=\"index, follow, max-snippet:-1, max-image-preview:large, max-video-preview:-1\" \/>\n<link rel=\"canonical\" href=\"https:\/\/www.graficasagullo.com\/producto\/lineales-supermercado-uv\/\" \/>\n<script type=\"application\/ld+json\" class=\"yoast-schema-graph\">{\"@context\":\"https:\/\/schema.org\",\"@graph\":[{\"@type\":\"WebPage\",\"@id\":\"https:\/\/www.graficasagullo.com\/producto\/lineales-supermercado-uv\/\",\"url\":\"https:\/\/www.graficasagullo.com\/producto\/lineales-supermercado-uv\/\",\"name\":\"Lineales Supermercado UV - Gr\u00e1ficas Agull\u00f3\",\"isPartOf\":{\"@id\":\"https:\/\/www.graficasagullo.com\/#website\"},\"datePublished\":\"2022-11-09T15:14:39+00:00\",\"dateModified\":\"2022-11-10T10:54:21+00:00\",\"breadcrumb\":{\"@id\":\"https:\/\/www.graficasagullo.com\/producto\/lineales-supermercado-uv\/#breadcrumb\"},\"inLanguage\":\"en-US\",\"potentialAction\":[{\"@type\":\"ReadAction\",\"target\":[\"https:\/\/www.graficasagullo.com\/producto\/lineales-supermercado-uv\/\"]}]},{\"@type\":\"BreadcrumbList\",\"@id\":\"https:\/\/www.graficasagullo.com\/producto\/lineales-supermercado-uv\/#breadcrumb\",\"itemListElement\":[{\"@type\":\"ListItem\",\"position\":1,\"name\":\"Portada\",\"item\":\"https:\/\/www.graficasagullo.com\/en\/\"},{\"@type\":\"ListItem\",\"position\":2,\"name\":\"Tienda\",\"item\":\"https:\/\/www.graficasagullo.com\/tienda\/\"},{\"@type\":\"ListItem\",\"position\":3,\"name\":\"Lineales Supermercado UV\"}]},{\"@type\":\"WebSite\",\"@id\":\"https:\/\/www.graficasagullo.com\/#website\",\"url\":\"https:\/\/www.graficasagullo.com\/\",\"name\":\"Gr\u00e1ficas Agull\u00f3\",\"description\":\"Tu dise\u00f1o, nuestra ilusi\u00f3n. El acabado marca la diferencia\",\"potentialAction\":[{\"@type\":\"SearchAction\",\"target\":{\"@type\":\"EntryPoint\",\"urlTemplate\":\"https:\/\/www.graficasagullo.com\/?s={search_term_string}\"},\"query-input\":\"required name=search_term_string\"}],\"inLanguage\":\"en-US\"}]}<\/script>\n<!-- \/ Yoast SEO plugin. -->","yoast_head_json":{"title":"Lineales Supermercado UV - Gr\u00e1ficas Agull\u00f3","robots":{"index":"index","follow":"follow","max-snippet":"max-snippet:-1","max-image-preview":"max-image-preview:large","max-video-preview":"max-video-preview:-1"},"canonical":"https:\/\/www.graficasagullo.com\/producto\/lineales-supermercado-uv\/","schema":{"@context":"https:\/\/schema.org","@graph":[{"@type":"WebPage","@id":"https:\/\/www.graficasagullo.com\/producto\/lineales-supermercado-uv\/","url":"https:\/\/www.graficasagullo.com\/producto\/lineales-supermercado-uv\/","name":"Lineales Supermercado UV - Gr\u00e1ficas Agull\u00f3","isPartOf":{"@id":"https:\/\/www.graficasagullo.com\/#website"},"datePublished":"2022-11-09T15:14:39+00:00","dateModified":"2022-11-10T10:54:21+00:00","breadcrumb":{"@id":"https:\/\/www.graficasagullo.com\/producto\/lineales-supermercado-uv\/#breadcrumb"},"inLanguage":"en-US","potentialAction":[{"@type":"ReadAction","target":["https:\/\/www.graficasagullo.com\/producto\/lineales-supermercado-uv\/"]}]},{"@type":"BreadcrumbList","@id":"https:\/\/www.graficasagullo.com\/producto\/lineales-supermercado-uv\/#breadcrumb","itemListElement":[{"@type":"ListItem","position":1,"name":"Portada","item":"https:\/\/www.graficasagullo.com\/en\/"},{"@type":"ListItem","position":2,"name":"Tienda","item":"https:\/\/www.graficasagullo.com\/tienda\/"},{"@type":"ListItem","position":3,"name":"Lineales Supermercado UV"}]},{"@type":"WebSite","@id":"https:\/\/www.graficasagullo.com\/#website","url":"https:\/\/www.graficasagullo.com\/","name":"Gr\u00e1ficas Agull\u00f3","description":"Tu dise\u00f1o, nuestra ilusi\u00f3n. El acabado marca la diferencia","potentialAction":[{"@type":"SearchAction","target":{"@type":"EntryPoint","urlTemplate":"https:\/\/www.graficasagullo.com\/?s={search_term_string}"},"query-input":"required name=search_term_string"}],"inLanguage":"en-US"}]}},"_links":{"self":[{"href":"https:\/\/www.graficasagullo.com\/en\/wp-json\/wp\/v2\/product\/6299"}],"collection":[{"href":"https:\/\/www.graficasagullo.com\/en\/wp-json\/wp\/v2\/product"}],"about":[{"href":"https:\/\/www.graficasagullo.com\/en\/wp-json\/wp\/v2\/types\/product"}],"replies":[{"embeddable":true,"href":"https:\/\/www.graficasagullo.com\/en\/wp-json\/wp\/v2\/comments?post=6299"}],"wp:featuredmedia":[{"embeddable":true,"href":"https:\/\/www.graficasagullo.com\/en\/wp-json\/wp\/v2\/media\/6297"}],"wp:attachment":[{"href":"https:\/\/www.graficasagullo.com\/en\/wp-json\/wp\/v2\/media?parent=6299"}],"wp:term":[{"taxonomy":"product_cat","embeddable":true,"href":"https:\/\/www.graficasagullo.com\/en\/wp-json\/wp\/v2\/product_cat?post=6299"},{"taxonomy":"product_tag","embeddable":true,"href":"https:\/\/www.graficasagullo.com\/en\/wp-json\/wp\/v2\/product_tag?post=6299"}],"curies":[{"name":"wp","href":"https:\/\/api.w.org\/{rel}","templated":true}]}}